{"id":9561,"date":"2026-02-03T06:56:57","date_gmt":"2026-02-03T06:56:57","guid":{"rendered":"https:\/\/artworkvietnam.com\/product\/strassenszene-ben-thanh-markt\/"},"modified":"2026-04-03T07:35:10","modified_gmt":"2026-04-03T07:35:10","slug":"strassenszene-ben-thanh-markt","status":"publish","type":"product","link":"https:\/\/artworkvietnam.com\/de\/product\/strassenszene-ben-thanh-markt\/","title":{"rendered":"Lebhafte Stra\u00dfenszene am Ben Thanh Markt"},"content":{"rendered":"<p data-path-to-node=\"12\">Hei\u00dfen Sie den authentischen Puls Ho-Chi-Minh-Stadts willkommen. Diese fesselnde B\u1ebfn-Th\u00e0nh-Markt-Stra\u00dfenszene bietet eine regenumwehte Perspektive eines der beliebtesten Handelszentren und verleiht Ihrem Raum tiefen kulturellen Charakter und brillante Farben.<\/p>\n<p data-path-to-node=\"13\">Das Westtor mit gr\u00fcnem &#8218;C\u1eecA T\u00c2Y&#8216;-Schriftzug. Die blassgelbe Fassade und das rote Dach kontrastieren sch\u00f6n mit modernen Hochh\u00e4usern \u2014 die faszinierende Mischung aus Geschichte und zeitgen\u00f6ssischem Wachstum.<\/p>\n<p data-path-to-node=\"14\">Dynamische Menge am belebten Eingang. Der nasse Asphalt nach dem Monsunregen wirkt als fragmentierter Spiegel und reflektiert die goldene Architektur in einer spektakul\u00e4ren Mosaik aus Gelb, Blau und Rot.<\/p>\n<p data-path-to-node=\"15\">Die Impasto-Technik schafft eine haptische Oberfl\u00e4che. Textur in Wasserreflexionen, schwerem Himmel und Marktmauern.<\/p>\n<p data-path-to-node=\"16\">Brillante, schimmernde T\u00f6ne: idealer Blickfang f\u00fcr Wohnzimmer, B\u00fcro oder Eingangsbereich.<\/p>\n<p data-path-to-node=\"17\">Bei Artwork Vietnam: ma\u00dfgefertigte St\u00fccke, auf Bestellung.<\/p>\n<p data-path-to-node=\"18\">This magnificent urban landscape is a premium highlight of our carefully curated Oil Painting &amp; Art Print category. You can confidently bypass the standard mass-produced tourist souvenirs and instead invest in truly authentic craftsmanship. Add this exceptional piece to your personal collection today and celebrate the bright, bustling charm of Saigon right on your very own walls.<\/p>\n","protected":false},"excerpt":{"rendered":"<p>\u2022 Handgemaltes \u00d6lgem\u00e4lde auf Leinwand von vietnamesischen K\u00fcnstlern<br \/>\n\u2022 Auf Bestellung gefertigt \u2014 2-4 Wochen Produktionszeit<br \/>\n\u2022 Verschiedene Gr\u00f6\u00dfen: 30\u00d730cm bis 100\u00d7100cm<br \/>\n\u2022 Kostenloser weltweiter Versand (5-7 Tage via DHL\/FedEx)<br \/>\n\u2022 100% Zufriedenheitsgarantie \u2014 Vorschau vor dem Versand<\/p>\n<p>Tauchen Sie ein in die Energie Saigons mit dieser lebhaften Ben-Thanh-Markt Stra\u00dfenszene. Mit dem historischen Westtor und gro\u00dfartigen, mosaikartigen Spiegelungen auf der nassen Stra\u00dfe f\u00e4ngt dieses reich texturierte \u00d6lgem\u00e4lde den dynamischen Puls der Stadt brillant ein.<\/p>\n","protected":false},"featured_media":7264,"template":"","meta":[],"product_brand":[],"product_cat":[264],"product_tag":[826,822,828,829,825,827],"class_list":{"0":"post-9561","1":"product","2":"type-product","3":"status-publish","4":"has-post-thumbnail","6":"product_cat-oelgemaelde-kunstdruck","7":"product_tag-bedroom-wall-art","8":"product_tag-ben-thanh-market-wall-art","9":"product_tag-dining-room-wall-art","10":"product_tag-hallway-wall-art","11":"product_tag-living-room-wall-art","12":"product_tag-office-wall-art","14":"first","15":"instock","16":"shipping-taxable","17":"purchasable","18":"product-type-variable"},"_links":{"self":[{"href":"https:\/\/artworkvietnam.com\/de\/wp-json\/wp\/v2\/product\/9561","targetHints":{"allow":["GET"]}}],"collection":[{"href":"https:\/\/artworkvietnam.com\/de\/wp-json\/wp\/v2\/product"}],"about":[{"href":"https:\/\/artworkvietnam.com\/de\/wp-json\/wp\/v2\/types\/product"}],"wp:featuredmedia":[{"embeddable":true,"href":"https:\/\/artworkvietnam.com\/de\/wp-json\/wp\/v2\/media\/7264"}],"wp:attachment":[{"href":"https:\/\/artworkvietnam.com\/de\/wp-json\/wp\/v2\/media?parent=9561"}],"wp:term":[{"taxonomy":"product_brand","embeddable":true,"href":"https:\/\/artworkvietnam.com\/de\/wp-json\/wp\/v2\/product_brand?post=9561"},{"taxonomy":"product_cat","embeddable":true,"href":"https:\/\/artworkvietnam.com\/de\/wp-json\/wp\/v2\/product_cat?post=9561"},{"taxonomy":"product_tag","embeddable":true,"href":"https:\/\/artworkvietnam.com\/de\/wp-json\/wp\/v2\/product_tag?post=9561"}],"curies":[{"name":"wp","href":"https:\/\/api.w.org\/{rel}","templated":true}]}}