{"id":9586,"date":"2026-02-03T06:36:23","date_gmt":"2026-02-03T06:36:23","guid":{"rendered":"https:\/\/artworkvietnam.com\/product\/nostalgisches-gemaelde-ben-thanh-markt\/"},"modified":"2026-04-03T07:35:01","modified_gmt":"2026-04-03T07:35:01","slug":"nostalgisches-gemaelde-ben-thanh-markt","status":"publish","type":"product","link":"https:\/\/artworkvietnam.com\/de\/product\/nostalgisches-gemaelde-ben-thanh-markt\/","title":{"rendered":"Nostalgisches Gem\u00e4lde des Ben Thanh Marktes"},"content":{"rendered":"<p data-path-to-node=\"12\">Hei\u00dfen Sie die lebendige Energie und den nostalgischen Charme des historischen Saigons willkommen. Dieses atemberaubende B\u1ebfn-Th\u00e0nh-Markt-Gem\u00e4lde bietet eine Vintage-Perspektive des ber\u00fchmtesten Wahrzeichens Ho-Chi-Minh-Stadts und verleiht Ihrem Raum tiefe Kulturgeschichte und unglaubliche Textur.<\/p>\n<p data-path-to-node=\"13\">Der ikonische S\u00fcdeingang mit seiner imposanten Uhr. Der K\u00fcnstler hat die belebte Stra\u00dfenszene einer vergangenen \u00c4ra wundersch\u00f6n reimaginiert. Die blassgelbe Fassade ist mit detaillierten Retro-Werbeschildern f\u00fcr Marken wie &#8218;Perlon&#8216; und &#8218;Bata&#8216; geschm\u00fcckt \u2014 tiefe Nostalgie der Mitte des 20. Jahrhunderts.<\/p>\n<p data-path-to-node=\"14\">At the street level, the dynamic rhythm of classic urban Vietnamese life unfolds. The wide avenue is filled with the lively movement of pedestrians, traditional bicycles, and classic transportation. A figure rides a vintage scooter through the intersection, while a classic <i data-path-to-node=\"14\" data-index-in-node=\"274\">xe lam<\/i>\u2014the beloved three-wheeled auto-rickshaw of old Saigon\u2014waits near the bustling market gates. A simple white wooden barricade frames the immediate foreground, adding excellent depth to the bustling composition.<\/p>\n<p data-path-to-node=\"15\">Die expressive Impasto-Technik schafft eine haptische, dreidimensionale Oberfl\u00e4che. Textur im bew\u00f6lkten Himmel, der verwitterten Stra\u00dfe und den roten Buchstaben der Vintage-Schilder.<\/p>\n<p data-path-to-node=\"16\">Nostalgische T\u00f6ne gegen hellen Himmel: idealer Blickfang f\u00fcr Wohnzimmer, kulturellen Essbereich oder Eingangsbereich. T\u00e4gliche Erinnerung an den dauerhaften Puls der Stadt.<\/p>\n<p data-path-to-node=\"17\">Bei Artwork Vietnam: ma\u00dfgefertigte St\u00fccke von erfahrenen K\u00fcnstlern, auf Bestellung.<\/p>\n<p data-path-to-node=\"18\">This magnificent urban landscape is a premium highlight of our carefully curated <strong data-start=\"3548\" data-end=\"3576\">Oil Painting &amp; Art Print<\/strong> category. You can confidently bypass the standard mass-produced tourist souvenirs and instead invest in truly authentic craftsmanship. Add this exceptional piece to your personal collection today and celebrate the classic, bustling charm of Saigon right on your very own walls.<\/p>\n","protected":false},"excerpt":{"rendered":"<p>\u2022 Handgemaltes \u00d6lgem\u00e4lde auf Leinwand von vietnamesischen K\u00fcnstlern<br \/>\n\u2022 Auf Bestellung gefertigt \u2014 2-4 Wochen Produktionszeit<br \/>\n\u2022 Verschiedene Gr\u00f6\u00dfen: 30\u00d730cm bis 100\u00d7100cm<br \/>\n\u2022 Kostenloser weltweiter Versand (5-7 Tage via DHL\/FedEx)<br \/>\n\u2022 100% Zufriedenheitsgarantie \u2014 Vorschau vor dem Versand<\/p>\n","protected":false},"featured_media":7060,"template":"","meta":[],"product_brand":[],"product_cat":[264],"product_tag":[],"class_list":{"0":"post-9586","1":"product","2":"type-product","3":"status-publish","4":"has-post-thumbnail","6":"product_cat-oelgemaelde-kunstdruck","8":"first","9":"instock","10":"shipping-taxable","11":"purchasable","12":"product-type-variable"},"_links":{"self":[{"href":"https:\/\/artworkvietnam.com\/de\/wp-json\/wp\/v2\/product\/9586","targetHints":{"allow":["GET"]}}],"collection":[{"href":"https:\/\/artworkvietnam.com\/de\/wp-json\/wp\/v2\/product"}],"about":[{"href":"https:\/\/artworkvietnam.com\/de\/wp-json\/wp\/v2\/types\/product"}],"wp:featuredmedia":[{"embeddable":true,"href":"https:\/\/artworkvietnam.com\/de\/wp-json\/wp\/v2\/media\/7060"}],"wp:attachment":[{"href":"https:\/\/artworkvietnam.com\/de\/wp-json\/wp\/v2\/media?parent=9586"}],"wp:term":[{"taxonomy":"product_brand","embeddable":true,"href":"https:\/\/artworkvietnam.com\/de\/wp-json\/wp\/v2\/product_brand?post=9586"},{"taxonomy":"product_cat","embeddable":true,"href":"https:\/\/artworkvietnam.com\/de\/wp-json\/wp\/v2\/product_cat?post=9586"},{"taxonomy":"product_tag","embeddable":true,"href":"https:\/\/artworkvietnam.com\/de\/wp-json\/wp\/v2\/product_tag?post=9586"}],"curies":[{"name":"wp","href":"https:\/\/api.w.org\/{rel}","templated":true}]}}