{"id":9596,"date":"2026-02-03T06:28:25","date_gmt":"2026-02-03T06:28:25","guid":{"rendered":"https:\/\/artworkvietnam.com\/product\/herbst-thien-mu-pagode\/"},"modified":"2026-04-03T07:34:58","modified_gmt":"2026-04-03T07:34:58","slug":"herbst-thien-mu-pagode","status":"publish","type":"product","link":"https:\/\/artworkvietnam.com\/de\/product\/herbst-thien-mu-pagode\/","title":{"rendered":"Majest\u00e4tische Herbstszene der Thien Mu Pagode"},"content":{"rendered":"<p data-path-to-node=\"12\">Hei\u00dfen Sie die spirituelle Pracht und historische Sch\u00f6nheit Hues willkommen. Dieses majest\u00e4tische Thi\u00ean-M\u1ee5-Pagode-Gem\u00e4lde bietet eine atemberaubende Nahansicht des ber\u00fchmtesten buddhistischen Tempels Vietnams und verleiht Ihrem Raum kulturelle Tiefe, lebendige Farben und unglaubliche Textur.<\/p>\n<p data-path-to-node=\"13\">Das Kunstwerk zeigt die ragende, siebenst\u00f6ckige achteckige Backsteinstruktur, die seit Jahrhunderten als stolzes Symbol der alten Hauptstadt steht. Der K\u00fcnstler f\u00e4ngt den Tempel aus dramatischer Untersicht ein und betont seine majest\u00e4tische H\u00f6he. Jedes architektonische Detail ist sichtbar \u2014 von den anmutigen Bogent\u00fcren \u00fcber die geschwungenen Stufend\u00e4cher bis zu den traditionellen Kalligraphie-Tafeln. Die warmen Terrakotta- und Erdbraunt\u00f6ne zeugen von seiner langen Geschichte.<\/p>\n<p data-path-to-node=\"14\">Atemberaubendes herbstliches Laub rahmt die alte Struktur ein. Dichte Baumkronen erstrahlen in feurigen Rott\u00f6nen, leuchtendem Orange und goldenem Gelb. Diese nat\u00fcrliche Rahmung mildert die robusten architektonischen Linien und schafft einen dynamischen, warmen Kontrast gegen den blassen, bew\u00f6lkten Himmel.<\/p>\n<p data-path-to-node=\"15\">Die meisterhafte Impasto-Technik schafft eine haptische, dreidimensionale Oberfl\u00e4che. Die Textur ist in den Herbstbl\u00e4ttern, der verwitterten Backsteinfassade und dem wirbelnden Himmel sichtbar.<\/p>\n<p data-path-to-node=\"16\">Die warmen, feurigen T\u00f6ne machen es zum idealen Blickfang f\u00fcr einen Speisesaal, ein Arbeitszimmer oder einen Eingangsbereich. Eine t\u00e4gliche Erinnerung an friedliche Ausdauer und historische St\u00e4rke.<\/p>\n<p data-path-to-node=\"17\">Bei Artwork Vietnam schaffen wir ma\u00dfgefertigte St\u00fccke von erfahrenen vietnamesischen K\u00fcnstlern, strikt auf Bestellung.<\/p>\n<p data-path-to-node=\"18\">This magnificent portrait is a premium highlight of our carefully curated Oil Painting &amp; Art Print category. You can confidently bypass the standard mass-produced tourist souvenirs and instead invest in truly authentic craftsmanship. Add this exceptional piece to your personal collection today and celebrate the majestic charm of Hue right on your very own walls.<\/p>\n","protected":false},"excerpt":{"rendered":"<p>\u2022 Handgemaltes \u00d6lgem\u00e4lde auf Leinwand von vietnamesischen K\u00fcnstlern<br \/>\n\u2022 Auf Bestellung gefertigt \u2014 2-4 Wochen Produktionszeit<br \/>\n\u2022 Verschiedene Gr\u00f6\u00dfen: 30\u00d730cm bis 100\u00d7100cm<br \/>\n\u2022 Kostenloser weltweiter Versand (5-7 Tage via DHL\/FedEx)<br \/>\n\u2022 100% Zufriedenheitsgarantie \u2014 Vorschau vor dem Versand<\/p>\n<p>Veredeln Sie Ihre Einrichtung mit diesem majest\u00e4tischen Thien-Mu-Pagode Gem\u00e4lde. Mit Hues ikonischem siebenst\u00f6ckigem Backsteinturm, umrahmt von lebhaftem Herbstlaub, f\u00e4ngt dieses reich texturierte Kunstwerk Vietnams reiches spirituelles Erbe perfekt ein.<\/p>\n","protected":false},"featured_media":6980,"template":"","meta":[],"product_brand":[],"product_cat":[264],"product_tag":[],"class_list":{"0":"post-9596","1":"product","2":"type-product","3":"status-publish","4":"has-post-thumbnail","6":"product_cat-oelgemaelde-kunstdruck","8":"first","9":"instock","10":"shipping-taxable","11":"purchasable","12":"product-type-variable"},"_links":{"self":[{"href":"https:\/\/artworkvietnam.com\/de\/wp-json\/wp\/v2\/product\/9596","targetHints":{"allow":["GET"]}}],"collection":[{"href":"https:\/\/artworkvietnam.com\/de\/wp-json\/wp\/v2\/product"}],"about":[{"href":"https:\/\/artworkvietnam.com\/de\/wp-json\/wp\/v2\/types\/product"}],"wp:featuredmedia":[{"embeddable":true,"href":"https:\/\/artworkvietnam.com\/de\/wp-json\/wp\/v2\/media\/6980"}],"wp:attachment":[{"href":"https:\/\/artworkvietnam.com\/de\/wp-json\/wp\/v2\/media?parent=9596"}],"wp:term":[{"taxonomy":"product_brand","embeddable":true,"href":"https:\/\/artworkvietnam.com\/de\/wp-json\/wp\/v2\/product_brand?post=9596"},{"taxonomy":"product_cat","embeddable":true,"href":"https:\/\/artworkvietnam.com\/de\/wp-json\/wp\/v2\/product_cat?post=9596"},{"taxonomy":"product_tag","embeddable":true,"href":"https:\/\/artworkvietnam.com\/de\/wp-json\/wp\/v2\/product_tag?post=9596"}],"curies":[{"name":"wp","href":"https:\/\/api.w.org\/{rel}","templated":true}]}}