{"id":9579,"date":"2026-02-03T06:44:21","date_gmt":"2026-02-03T06:44:21","guid":{"rendered":"https:\/\/artworkvietnam.com\/product\/dia-soleado-mercado-ben-thanh\/"},"modified":"2026-04-03T07:21:10","modified_gmt":"2026-04-03T07:21:10","slug":"dia-soleado-mercado-ben-thanh","status":"publish","type":"product","link":"https:\/\/artworkvietnam.com\/es\/product\/dia-soleado-mercado-ben-thanh\/","title":{"rendered":"D\u00eda Soleado en el Mercado Ben Thanh"},"content":{"rendered":"<p data-path-to-node=\"12\">D\u00e9 la bienvenida a la brillante energ\u00eda de Ciudad Ho Chi Minh. Esta soleada Pintura del Mercado B\u1ebfn Th\u00e0nh ofrece una amplia perspectiva del monumento m\u00e1s famoso, a\u00f1adiendo profundo car\u00e1cter y textura.<\/p>\n<p data-path-to-node=\"13\">La ic\u00f3nica entrada sur bajo un brillante cielo azul. El tejado rojo aporta c\u00e1lido color, mientras los rascacielos modernos al fondo ilustran la mezcla del Saig\u00f3n hist\u00f3rico y contempor\u00e1neo.<\/p>\n<p data-path-to-node=\"14\">Locales en coloridas motos. La magia est\u00e1 en la calle soleada con impresionantes sombras azul profundo y dorado.<\/p>\n<p data-path-to-node=\"15\">T\u00e9cnica de empaste: superficie t\u00e1ctil. Textura en sombras callejeras, nubes y muros del mercado.<\/p>\n<p data-path-to-node=\"16\">Tonos soleados contra v\u00edvidos azules: punto focal para sala, oficina moderna o entrada.<\/p>\n<p data-path-to-node=\"17\">Artwork Vietnam: bajo pedido.<\/p>\n<p data-path-to-node=\"18\">This magnificent urban landscape is a premium highlight of our carefully curated <strong data-start=\"3548\" data-end=\"3576\">Oil Painting &amp; Art Print <\/strong>category. You can confidently bypass the standard mass-produced tourist souvenirs and instead invest in truly authentic craftsmanship. Add this exceptional piece to your personal collection today and celebrate the bright, bustling charm of Saigon right on your very own walls.<\/p>\n","protected":false},"excerpt":{"rendered":"<p>\u2022 Pintura al \u00f3leo sobre lienzo pintada a mano por artistas vietnamitas<br \/>\n\u2022 Hecho a medida \u2014 2-4 semanas de producci\u00f3n<br \/>\n\u2022 M\u00faltiples tama\u00f1os: de 30\u00d730cm a 100\u00d7100cm<br \/>\n\u2022 Env\u00edo mundial gratuito (5-7 d\u00edas por DHL\/FedEx)<br \/>\n\u2022 Garant\u00eda de satisfacci\u00f3n 100% \u2014 vista previa antes del env\u00edo<\/p>\n<p>Inyecte energ\u00eda vibrante en su espacio con esta luminosa pintura del Mercado Ben Thanh. Con la ic\u00f3nica torre del reloj y el bullicioso tr\u00e1fico de motocicletas en un d\u00eda ba\u00f1ado por el sol, esta pintura al \u00f3leo de rica textura captura perfectamente el coraz\u00f3n del Saig\u00f3n moderno.<\/p>\n","protected":false},"featured_media":7136,"template":"","meta":[],"product_brand":[],"product_cat":[267],"product_tag":[796],"class_list":{"0":"post-9579","1":"product","2":"type-product","3":"status-publish","4":"has-post-thumbnail","6":"product_cat-pintura-oleo-impresion-artistica","7":"product_tag-idea-de-regalo","9":"first","10":"instock","11":"shipping-taxable","12":"purchasable","13":"product-type-variable"},"_links":{"self":[{"href":"https:\/\/artworkvietnam.com\/es\/wp-json\/wp\/v2\/product\/9579","targetHints":{"allow":["GET"]}}],"collection":[{"href":"https:\/\/artworkvietnam.com\/es\/wp-json\/wp\/v2\/product"}],"about":[{"href":"https:\/\/artworkvietnam.com\/es\/wp-json\/wp\/v2\/types\/product"}],"wp:featuredmedia":[{"embeddable":true,"href":"https:\/\/artworkvietnam.com\/es\/wp-json\/wp\/v2\/media\/7136"}],"wp:attachment":[{"href":"https:\/\/artworkvietnam.com\/es\/wp-json\/wp\/v2\/media?parent=9579"}],"wp:term":[{"taxonomy":"product_brand","embeddable":true,"href":"https:\/\/artworkvietnam.com\/es\/wp-json\/wp\/v2\/product_brand?post=9579"},{"taxonomy":"product_cat","embeddable":true,"href":"https:\/\/artworkvietnam.com\/es\/wp-json\/wp\/v2\/product_cat?post=9579"},{"taxonomy":"product_tag","embeddable":true,"href":"https:\/\/artworkvietnam.com\/es\/wp-json\/wp\/v2\/product_tag?post=9579"}],"curies":[{"name":"wp","href":"https:\/\/api.w.org\/{rel}","templated":true}]}}