{"id":9589,"date":"2026-02-03T06:36:23","date_gmt":"2026-02-03T06:36:23","guid":{"rendered":"https:\/\/artworkvietnam.com\/product\/pintura-nostalgica-mercado-ben-thanh\/"},"modified":"2026-04-03T07:21:07","modified_gmt":"2026-04-03T07:21:07","slug":"pintura-nostalgica-mercado-ben-thanh","status":"publish","type":"product","link":"https:\/\/artworkvietnam.com\/es\/product\/pintura-nostalgica-mercado-ben-thanh\/","title":{"rendered":"Pintura Nost\u00e1lgica del Mercado Ben Thanh"},"content":{"rendered":"<p data-path-to-node=\"12\">D\u00e9 la bienvenida a la vibrante energ\u00eda y el encanto nost\u00e1lgico del Saig\u00f3n hist\u00f3rico. Esta impresionante Pintura del Mercado B\u1ebfn Th\u00e0nh ofrece una perspectiva vintage del monumento m\u00e1s famoso de Ciudad Ho Chi Minh, a\u00f1adiendo profunda historia cultural y textura.<\/p>\n<p data-path-to-node=\"13\">La ic\u00f3nica entrada sur con su imponente reloj. El artista reimagin\u00f3 la animada escena callejera de una era pasada. La fachada amarillo p\u00e1lido con detallados letreros retro de marcas como &#8216;Perlon&#8217; y &#8216;Bata&#8217; \u2014 profunda nostalgia del siglo XX.<\/p>\n<p data-path-to-node=\"14\">At the street level, the dynamic rhythm of classic urban Vietnamese life unfolds. The wide avenue is filled with the lively movement of pedestrians, traditional bicycles, and classic transportation. A figure rides a vintage scooter through the intersection, while a classic <i data-path-to-node=\"14\" data-index-in-node=\"274\">xe lam<\/i>\u2014the beloved three-wheeled auto-rickshaw of old Saigon\u2014waits near the bustling market gates. A simple white wooden barricade frames the immediate foreground, adding excellent depth to the bustling composition.<\/p>\n<p data-path-to-node=\"15\">La expresiva t\u00e9cnica de empaste crea superficie t\u00e1ctil. Textura en el cielo nublado, la calle desgastada y las letras rojas de los letreros vintage.<\/p>\n<p data-path-to-node=\"16\">Los tonos nost\u00e1lgicos la convierten en punto focal ideal para sala, comedor cultural o entrada. Recordatorio del pulso perdurable de la ciudad.<\/p>\n<p data-path-to-node=\"17\">Artwork Vietnam: bajo pedido.<\/p>\n<p data-path-to-node=\"18\">This magnificent urban landscape is a premium highlight of our carefully curated <strong data-start=\"3548\" data-end=\"3576\">Oil Painting &amp; Art Print<\/strong> category. You can confidently bypass the standard mass-produced tourist souvenirs and instead invest in truly authentic craftsmanship. Add this exceptional piece to your personal collection today and celebrate the classic, bustling charm of Saigon right on your very own walls.<\/p>\n","protected":false},"excerpt":{"rendered":"<p>\u2022 Pintura al \u00f3leo sobre lienzo pintada a mano por artistas vietnamitas<br \/>\n\u2022 Hecho a medida \u2014 2-4 semanas de producci\u00f3n<br \/>\n\u2022 M\u00faltiples tama\u00f1os: de 30\u00d730cm a 100\u00d7100cm<br \/>\n\u2022 Env\u00edo mundial gratuito (5-7 d\u00edas por DHL\/FedEx)<br \/>\n\u2022 Garant\u00eda de satisfacci\u00f3n 100% \u2014 vista previa antes del env\u00edo<\/p>\n","protected":false},"featured_media":7060,"template":"","meta":[],"product_brand":[],"product_cat":[267],"product_tag":[],"class_list":{"0":"post-9589","1":"product","2":"type-product","3":"status-publish","4":"has-post-thumbnail","6":"product_cat-pintura-oleo-impresion-artistica","8":"first","9":"instock","10":"shipping-taxable","11":"purchasable","12":"product-type-variable"},"_links":{"self":[{"href":"https:\/\/artworkvietnam.com\/es\/wp-json\/wp\/v2\/product\/9589","targetHints":{"allow":["GET"]}}],"collection":[{"href":"https:\/\/artworkvietnam.com\/es\/wp-json\/wp\/v2\/product"}],"about":[{"href":"https:\/\/artworkvietnam.com\/es\/wp-json\/wp\/v2\/types\/product"}],"wp:featuredmedia":[{"embeddable":true,"href":"https:\/\/artworkvietnam.com\/es\/wp-json\/wp\/v2\/media\/7060"}],"wp:attachment":[{"href":"https:\/\/artworkvietnam.com\/es\/wp-json\/wp\/v2\/media?parent=9589"}],"wp:term":[{"taxonomy":"product_brand","embeddable":true,"href":"https:\/\/artworkvietnam.com\/es\/wp-json\/wp\/v2\/product_brand?post=9589"},{"taxonomy":"product_cat","embeddable":true,"href":"https:\/\/artworkvietnam.com\/es\/wp-json\/wp\/v2\/product_cat?post=9589"},{"taxonomy":"product_tag","embeddable":true,"href":"https:\/\/artworkvietnam.com\/es\/wp-json\/wp\/v2\/product_tag?post=9589"}],"curies":[{"name":"wp","href":"https:\/\/api.w.org\/{rel}","templated":true}]}}