{"id":9490,"date":"2026-02-06T11:20:51","date_gmt":"2026-02-06T11:20:51","guid":{"rendered":"https:\/\/artworkvietnam.com\/product\/tableau-porte-vieux-quartier-hanoi\/"},"modified":"2026-04-03T12:11:57","modified_gmt":"2026-04-03T12:11:57","slug":"tableau-porte-vieux-quartier-hanoi","status":"publish","type":"product","link":"https:\/\/artworkvietnam.com\/fr\/product\/tableau-porte-vieux-quartier-hanoi\/","title":{"rendered":"Tableau Po\u00e9tique de la Porte du Vieux Quartier de Hanoi"},"content":{"rendered":"<div class=\"flex flex-col text-sm pb-25\">\n<article class=\"text-token-text-primary w-full focus:outline-none [--shadow-height:45px] has-data-writing-block:pointer-events-none has-data-writing-block:-mt-(--shadow-height) has-data-writing-block:pt-(--shadow-height) [&amp;:has([data-writing-block])&gt;*]:pointer-events-auto scroll-mt-[calc(var(--header-height)+min(200px,max(70px,20svh)))]\" dir=\"auto\" tabindex=\"-1\" data-turn-id=\"request-WEB:3b4f24a3-783b-4b8f-90ed-fa7a289efab1-11\" data-testid=\"conversation-turn-10\" data-scroll-anchor=\"true\" data-turn=\"assistant\">\n<div class=\"text-base my-auto mx-auto pb-10 [--thread-content-margin:var(--thread-content-margin-xs,calc(var(--spacing)*4))] @w-sm\/main:[--thread-content-margin:var(--thread-content-margin-sm,calc(var(--spacing)*6))] @w-lg\/main:[--thread-content-margin:var(--thread-content-margin-lg,calc(var(--spacing)*16))] px-(--thread-content-margin)\">\n<div class=\"[--thread-content-max-width:40rem] @w-lg\/main:[--thread-content-max-width:48rem] mx-auto max-w-(--thread-content-max-width) flex-1 group\/turn-messages focus-visible:outline-hidden relative flex w-full min-w-0 flex-col agent-turn\" tabindex=\"-1\">\n<div class=\"flex max-w-full flex-col gap-4 grow\">\n<div class=\"min-h-8 text-message relative flex w-full flex-col items-end gap-2 text-start break-words whitespace-normal [.text-message+&amp;]:mt-1\" dir=\"auto\" data-message-author-role=\"assistant\" data-message-id=\"9bb891ca-cd33-4469-b3d5-69764ebbc2b1\" data-message-model-slug=\"gpt-5-4-thinking\">\n<div class=\"flex w-full flex-col gap-1 empty:hidden\">\n<div class=\"markdown prose dark:prose-invert w-full wrap-break-word light markdown-new-styling\">\n<p data-start=\"1973\" data-end=\"2184\"><strong>Hanoi Old Quarter Gate Artwork <\/strong>captures a radiant street scene where heritage architecture, autumn color, and everyday city life come together in one beautifully balanced composition.<\/p>\n<p data-start=\"2186\" data-end=\"2694\">Au centre de la peinture se dresse une porte ancienne traditionnelle, positionnee au bout d&rsquo;une large allee et encadree par des rangees de batiments historiques et d&rsquo;arbres saisonniers lumineux. La vue deborde de vie. Des cyclistes traversent la rue, des pietons se rassemblent pres de la porte, et des etals de marche avec fleurs et marchandises suspendues apportent couleur et chaleur humaine. La composition presente Hanoi non comme un simple monument, mais comme un environnement culturel vivant.<\/p>\n<p data-start=\"2696\" data-end=\"3141\">Cette oeuvre est particulierement memorable par son utilisation de la couleur. Deux grands arbres dominent la scene \u2014 l&rsquo;un brillant de jaune dore et l&rsquo;autre flamboyant d&rsquo;orange et de rouge. Ces canopees vibrantes creent une arche naturelle au-dessus de la rue et attirent le regard vers la porte. Les reflets sur le pave ajoutent douceur et lumiere, tandis que les murs beiges et les tons architecturaux terreux maintiennent la palette harmonieuse.<\/p>\n<p data-start=\"3143\" data-end=\"3547\">Peinte dans un style impressionniste a l&rsquo;huile, l&rsquo;oeuvre favorise l&rsquo;atmosphere et l&#8217;emotion plutot que le detail rigide. Les coups de pinceau sont expressifs et textures, donnant au feuillage, aux batiments et aux personnages une qualite picturale vivante. Le resultat est chaleureux, elegant et immersif \u2014 capturant le romantisme des anciens quartiers de Hanoi.<\/p>\n<p data-start=\"3549\" data-end=\"3998\">Cette piece est ideale pour les salons, couloirs, bureaux d&rsquo;etude, bureaux, cafes ou interieurs d&rsquo;accueil. La perspective donne de la profondeur, tandis que la palette automnale la rend accueillante. Un choix particulierement significatif pour les amoureux de Hanoi, de l&rsquo;architecture vietnamienne ou de l&rsquo;art qui celebre la vie quotidienne avec grace.<\/p>\n<p data-start=\"4000\" data-end=\"4326\">As part of the <strong data-start=\"4015\" data-end=\"4043\">Oil Painting &amp; Art Print<\/strong> collection, this piece reflects the mission of Artwork Vietnam, a Vietnamese art studio dedicated to made-to-order works inspired by the country\u2019s culture and heritage. Created by Vietnamese artists, each painting offers an authentic and refined alternative to generic travel decor.<\/p>\n<p data-start=\"4328\" data-end=\"4609\" data-is-last-node=\"\" data-is-only-node=\"\">For anyone seeking meaningful Vietnamese wall art, <strong data-start=\"4379\" data-end=\"4413\">Hanoi Old Quarter Gate Artwork<\/strong> offers beauty, atmosphere, and identity. It preserves a vision of Hanoi that feels both vibrant and enduring, making <strong data-start=\"4531\" data-end=\"4565\">Hanoi Old Quarter Gate Artwork<\/strong> a distinctive piece for the home or office.<\/p>\n<\/div>\n<\/div>\n<\/div>\n<\/div>\n<div class=\"z-0 flex min-h-[46px] justify-start\"><\/div>\n<div class=\"mt-3 w-full empty:hidden\">\n<div class=\"text-center\"><\/div>\n<\/div>\n<\/div>\n<\/div>\n<\/article>\n<\/div>\n<div class=\"pointer-events-none h-px w-px absolute bottom-0\" aria-hidden=\"true\" data-edge=\"true\"><\/div>\n","protected":false},"excerpt":{"rendered":"<p>\u2022 Peinture \u00e0 l&rsquo;huile sur toile r\u00e9alis\u00e9e \u00e0 la main par des artistes vietnamiens<br \/>\n\u2022 Fabriqu\u00e9 sur commande \u2014 2 \u00e0 4 semaines de cr\u00e9ation<br \/>\n\u2022 Plusieurs tailles : de 30\u00d730cm \u00e0 100\u00d7100cm<br \/>\n\u2022 Livraison mondiale gratuite (5-7 jours via DHL\/FedEx)<br \/>\n\u2022 Garantie satisfaction 100% \u2014 aper\u00e7u avant exp\u00e9dition<\/p>\n<p>Tableau du Vieux Quartier de Hanoi repr\u00e9sentant une porte historique, des arbres automnaux lumineux, des cyclistes, des \u00e9tals de march\u00e9 et la vie quotidienne dans une sc\u00e8ne impressionniste chaleureuse de Hanoi.<\/p>\n","protected":false},"featured_media":8741,"template":"","meta":[],"product_brand":[],"product_cat":[263],"product_tag":[],"class_list":{"0":"post-9490","1":"product","2":"type-product","3":"status-publish","4":"has-post-thumbnail","6":"product_cat-peinture-huile-impression-art","8":"first","9":"instock","10":"shipping-taxable","11":"purchasable","12":"product-type-variable"},"_links":{"self":[{"href":"https:\/\/artworkvietnam.com\/fr\/wp-json\/wp\/v2\/product\/9490","targetHints":{"allow":["GET"]}}],"collection":[{"href":"https:\/\/artworkvietnam.com\/fr\/wp-json\/wp\/v2\/product"}],"about":[{"href":"https:\/\/artworkvietnam.com\/fr\/wp-json\/wp\/v2\/types\/product"}],"wp:featuredmedia":[{"embeddable":true,"href":"https:\/\/artworkvietnam.com\/fr\/wp-json\/wp\/v2\/media\/8741"}],"wp:attachment":[{"href":"https:\/\/artworkvietnam.com\/fr\/wp-json\/wp\/v2\/media?parent=9490"}],"wp:term":[{"taxonomy":"product_brand","embeddable":true,"href":"https:\/\/artworkvietnam.com\/fr\/wp-json\/wp\/v2\/product_brand?post=9490"},{"taxonomy":"product_cat","embeddable":true,"href":"https:\/\/artworkvietnam.com\/fr\/wp-json\/wp\/v2\/product_cat?post=9490"},{"taxonomy":"product_tag","embeddable":true,"href":"https:\/\/artworkvietnam.com\/fr\/wp-json\/wp\/v2\/product_tag?post=9490"}],"curies":[{"name":"wp","href":"https:\/\/api.w.org\/{rel}","templated":true}]}}