{"id":9585,"date":"2026-02-03T06:36:23","date_gmt":"2026-02-03T06:36:23","guid":{"rendered":"https:\/\/artworkvietnam.com\/product\/marche-ben-thanh-nostalgique-saigon\/"},"modified":"2026-04-03T07:21:22","modified_gmt":"2026-04-03T07:21:22","slug":"marche-ben-thanh-nostalgique-saigon","status":"publish","type":"product","link":"https:\/\/artworkvietnam.com\/fr\/product\/marche-ben-thanh-nostalgique-saigon\/","title":{"rendered":"March\u00e9 Ben Thanh \u2014 Tableau Nostalgique de l&rsquo;Ancien Saigon"},"content":{"rendered":"<p data-path-to-node=\"12\">Accueillez l&rsquo;\u00e9nergie vibrante et le charme nostalgique du Sa\u00efgon historique dans votre espace de vie. Cette \u00e9poustouflante Peinture du March\u00e9 B\u1ebfn Th\u00e0nh offre une perspective vintage saisissante du monument le plus c\u00e9l\u00e8bre de H\u00f4 Chi Minh-Ville, ajoutant une profonde histoire culturelle, des couleurs vibrantes et une texture incroyable \u00e0 votre int\u00e9rieur.<\/p>\n<p data-path-to-node=\"13\">L&rsquo;\u0153uvre se concentre sur l&rsquo;entr\u00e9e sud embl\u00e9matique du march\u00e9, reconnaissable \u00e0 son horloge centrale imposante. L&rsquo;artiste a magnifiquement r\u00e9imagin\u00e9 la sc\u00e8ne de rue anim\u00e9e d&rsquo;une \u00e9poque r\u00e9volue. La fa\u00e7ade jaune p\u00e2le est orn\u00e9e de grandes enseignes publicitaires r\u00e9tro d\u00e9taill\u00e9es pour des marques classiques comme \u00ab Perlon Dental Cream \u00bb et \u00ab Bata \u00bb, ancrant la pi\u00e8ce dans une riche nostalgie du milieu du XXe si\u00e8cle.<\/p>\n<p data-path-to-node=\"14\">At the street level, the dynamic rhythm of classic urban Vietnamese life unfolds. The wide avenue is filled with the lively movement of pedestrians, traditional bicycles, and classic transportation. A figure rides a vintage scooter through the intersection, while a classic <i data-path-to-node=\"14\" data-index-in-node=\"274\">xe lam<\/i>\u2014the beloved three-wheeled auto-rickshaw of old Saigon\u2014waits near the bustling market gates. A simple white wooden barricade frames the immediate foreground, adding excellent depth to the bustling composition.<\/p>\n<p data-path-to-node=\"15\">La technique d&#8217;emp\u00e2tement hautement expressive cr\u00e9e une surface tactile et tridimensionnelle. La texture est visible dans le ciel bleu nuageux, la rue patin\u00e9e et les lettres rouges audacieuses des enseignes vintage.<\/p>\n<p data-path-to-node=\"16\">Les tons chauds et nostalgiques contrastant avec le ciel lumineux en font un point focal id\u00e9al pour un salon contemporain, un espace repas culturel ou une entr\u00e9e accueillante. Un rappel quotidien du pouls durable de la ville.<\/p>\n<p data-path-to-node=\"17\">Chez Artwork Vietnam, nous cr\u00e9ons des pi\u00e8ces artisanales sur mesure par des artistes vietnamiens qualifi\u00e9s, strictement sur commande.<\/p>\n<p data-path-to-node=\"18\">This magnificent urban landscape is a premium highlight of our carefully curated <strong data-start=\"3548\" data-end=\"3576\">Oil Painting &amp; Art Print<\/strong> category. You can confidently bypass the standard mass-produced tourist souvenirs and instead invest in truly authentic craftsmanship. Add this exceptional piece to your personal collection today and celebrate the classic, bustling charm of Saigon right on your very own walls.<\/p>\n","protected":false},"excerpt":{"rendered":"<p>\u2022 Peinture \u00e0 l&rsquo;huile sur toile r\u00e9alis\u00e9e \u00e0 la main par des artistes vietnamiens<br \/>\n\u2022 Fabriqu\u00e9 sur commande \u2014 2 \u00e0 4 semaines de cr\u00e9ation<br \/>\n\u2022 Plusieurs tailles : de 30\u00d730cm \u00e0 100\u00d7100cm<br \/>\n\u2022 Livraison mondiale gratuite (5-7 jours via DHL\/FedEx)<br \/>\n\u2022 Garantie satisfaction 100% \u2014 aper\u00e7u avant exp\u00e9dition<\/p>\n","protected":false},"featured_media":7060,"template":"","meta":[],"product_brand":[],"product_cat":[263],"product_tag":[],"class_list":{"0":"post-9585","1":"product","2":"type-product","3":"status-publish","4":"has-post-thumbnail","6":"product_cat-peinture-huile-impression-art","8":"first","9":"instock","10":"shipping-taxable","11":"purchasable","12":"product-type-variable"},"_links":{"self":[{"href":"https:\/\/artworkvietnam.com\/fr\/wp-json\/wp\/v2\/product\/9585","targetHints":{"allow":["GET"]}}],"collection":[{"href":"https:\/\/artworkvietnam.com\/fr\/wp-json\/wp\/v2\/product"}],"about":[{"href":"https:\/\/artworkvietnam.com\/fr\/wp-json\/wp\/v2\/types\/product"}],"wp:featuredmedia":[{"embeddable":true,"href":"https:\/\/artworkvietnam.com\/fr\/wp-json\/wp\/v2\/media\/7060"}],"wp:attachment":[{"href":"https:\/\/artworkvietnam.com\/fr\/wp-json\/wp\/v2\/media?parent=9585"}],"wp:term":[{"taxonomy":"product_brand","embeddable":true,"href":"https:\/\/artworkvietnam.com\/fr\/wp-json\/wp\/v2\/product_brand?post=9585"},{"taxonomy":"product_cat","embeddable":true,"href":"https:\/\/artworkvietnam.com\/fr\/wp-json\/wp\/v2\/product_cat?post=9585"},{"taxonomy":"product_tag","embeddable":true,"href":"https:\/\/artworkvietnam.com\/fr\/wp-json\/wp\/v2\/product_tag?post=9585"}],"curies":[{"name":"wp","href":"https:\/\/api.w.org\/{rel}","templated":true}]}}