{"id":20362,"date":"2026-03-28T08:33:29","date_gmt":"2026-03-28T08:33:29","guid":{"rendered":"https:\/\/artworkvietnam.com\/dipinti-a-olio-su-commissione\/"},"modified":"2026-04-04T10:14:53","modified_gmt":"2026-04-04T10:14:53","slug":"dipinti-a-olio-su-commissione","status":"publish","type":"page","link":"https:\/\/artworkvietnam.com\/it\/dipinti-a-olio-su-commissione\/","title":{"rendered":"Dipinti a Olio su Commissione"},"content":{"rendered":"\n<div class=\"wp-block-group alignfull has-lite-background-color has-background is-layout-constrained wp-block-group-is-layout-constrained\" style=\"padding-top:9vh;padding-bottom:5vh\">\n<h2 class=\"wp-block-heading has-text-align-center\" style=\"font-size:32px\"><strong>La Tua Foto, i Nostri Artisti, il Tuo Capolavoro<\/strong><\/h2>\n\n\n\n<p class=\"has-text-align-center\">Trasforma qualsiasi foto in uno splendido dipinto a olio su tela, realizzato interamente a mano. I nostri talentuosi artisti vietnamiti riportano in vita i tuoi ricordi pi\u00f9 cari \u2014 ritratti, paesaggi, foto di animali domestici \u2014 creando un&#8217;opera unica al mondo, dipinta con colori a olio di prima qualit\u00e0 e spedita in tutto il mondo.<\/p>\n<\/div>\n\n\n\n<div style=\"height:40px\" aria-hidden=\"true\" class=\"wp-block-spacer\"><\/div>\n\n\n\n<div class=\"wp-block-group alignwide is-layout-constrained wp-block-group-is-layout-constrained\">\n<h2 class=\"wp-block-heading has-text-align-center\" style=\"font-size:22px\"><strong>Come Funziona il Dipinto su Commissione<\/strong><\/h2>\n\n\n\n<div style=\"height:20px\" aria-hidden=\"true\" class=\"wp-block-spacer\"><\/div>\n\n\n\n<div class=\"wp-block-columns is-layout-flex wp-container-core-columns-is-layout-30a062d4 wp-block-columns-is-layout-flex\">\n<div class=\"wp-block-column is-layout-flow wp-container-core-column-is-layout-fe0e2ea3 wp-block-column-is-layout-flow\">\n<h3 class=\"wp-block-heading has-text-align-center\" style=\"font-size:36px\"><strong>1<\/strong><\/h3>\n\n\n\n<h5 class=\"wp-block-heading has-text-align-center\"><strong>Inviaci la Tua Foto<\/strong><\/h5>\n\n\n\n<p class=\"has-text-align-center has-small-font-size\">Carica o inviaci via email una foto ad alta risoluzione. Pu\u00f2 essere un ritratto di famiglia, un paesaggio, il tuo animale preferito, un momento del matrimonio \u2014 qualsiasi cosa ti stia a cuore.<\/p>\n<\/div>\n\n\n\n<div class=\"wp-block-column is-layout-flow wp-container-core-column-is-layout-fe0e2ea3 wp-block-column-is-layout-flow\">\n<h3 class=\"wp-block-heading has-text-align-center\" style=\"font-size:36px\"><strong>2<\/strong><\/h3>\n\n\n\n<h5 class=\"wp-block-heading has-text-align-center\"><strong>Noi lo Dipingiamo<\/strong><\/h5>\n\n\n\n<p class=\"has-text-align-center has-small-font-size\">I nostri artisti dipingono la tua opera a mano su tela di qualit\u00e0 superiore, usando colori a olio. La realizzazione richiede 2-4 settimane \u2014 ogni pennellata \u00e8 eseguita con cura e dedizione.<\/p>\n<\/div>\n\n\n\n<div class=\"wp-block-column is-layout-flow wp-container-core-column-is-layout-fe0e2ea3 wp-block-column-is-layout-flow\">\n<h3 class=\"wp-block-heading has-text-align-center\" style=\"font-size:36px\"><strong>3<\/strong><\/h3>\n\n\n\n<h5 class=\"wp-block-heading has-text-align-center\"><strong>Anteprima &amp; Approvazione<\/strong><\/h5>\n\n\n\n<p class=\"has-text-align-center has-small-font-size\">Ti inviamo foto e video del dipinto ultimato. Richiedi tutte le modifiche che vuoi finch\u00e9 non sei completamente soddisfatto. Spediamo solo con la tua approvazione.<\/p>\n<\/div>\n\n\n\n<div class=\"wp-block-column is-layout-flow wp-container-core-column-is-layout-fe0e2ea3 wp-block-column-is-layout-flow\">\n<h3 class=\"wp-block-heading has-text-align-center\" style=\"font-size:36px\"><strong>4<\/strong><\/h3>\n\n\n\n<h5 class=\"wp-block-heading has-text-align-center\"><strong>Ricevi il Tuo Capolavoro<\/strong><\/h5>\n\n\n\n<p class=\"has-text-align-center has-small-font-size\">Spedizione gratuita in tutto il mondo con tracciamento e assicurazione. Consegna in 5-7 giorni lavorativi. Arriva pronto da appendere o da regalare.<\/p>\n<\/div>\n<\/div>\n<\/div>\n\n\n\n<div style=\"height:40px\" aria-hidden=\"true\" class=\"wp-block-spacer\"><\/div>\n\n\n\n<div class=\"wp-block-group alignfull has-lite-background-color has-background is-layout-constrained wp-block-group-is-layout-constrained\" style=\"padding-top:5vh;padding-bottom:5vh\">\n<h2 class=\"wp-block-heading has-text-align-center\" style=\"font-size:22px\"><strong>Prima &amp; Dopo<\/strong><\/h2>\n\n\n\n<p class=\"has-text-align-center has-small-font-size\">Scopri come trasformiamo le tue foto in dipinti a olio realizzati a mano.<\/p>\n\n\n\n<div class=\"wp-block-columns is-layout-flex wp-container-core-columns-is-layout-4b949cdb wp-block-columns-is-layout-flex\">\n<div class=\"wp-block-column is-layout-flow wp-block-column-is-layout-flow\">\n<div class=\"wp-block-group has-border-color is-layout-constrained wp-container-core-group-is-layout-2a97cd70 wp-block-group-is-layout-constrained\" style=\"border-color:#e4e4e1;border-width:2px;border-radius:8px;padding:2em\">\n<h4 class=\"wp-block-heading has-text-align-center\">Foto Originale<\/h4>\n\n\n\n<p class=\"has-text-align-center has-text-color has-small-font-size\" style=\"color:#a5a5a5\">[Placeholder \u2014 customer photo will be added here]<\/p>\n<\/div>\n<\/div>\n\n\n\n<div class=\"wp-block-column is-layout-flow wp-block-column-is-layout-flow\">\n<div class=\"wp-block-group has-border-color is-layout-constrained wp-container-core-group-is-layout-2a97cd70 wp-block-group-is-layout-constrained\" style=\"border-color:#f2d57f;border-width:2px;border-radius:8px;padding:2em\">\n<h4 class=\"wp-block-heading has-text-align-center\">Risultato Dipinto a Mano<\/h4>\n\n\n\n<p class=\"has-text-align-center has-text-color has-small-font-size\" style=\"color:#a5a5a5\">[Placeholder \u2014 finished painting will be added here]<\/p>\n<\/div>\n<\/div>\n<\/div>\n<\/div>\n\n\n\n<div style=\"height:40px\" aria-hidden=\"true\" class=\"wp-block-spacer\"><\/div>\n\n\n\n<div class=\"wp-block-group alignwide is-layout-constrained wp-block-group-is-layout-constrained\">\n<h2 class=\"wp-block-heading has-text-align-center\" style=\"font-size:22px\"><strong>Prezzi dei Dipinti su Commissione<\/strong><\/h2>\n\n\n\n<p class=\"has-text-align-center has-small-font-size\">Prezzi di partenza per i dipinti a olio personalizzati. Il prezzo finale dipende dalla complessit\u00e0 e dallo stile scelto.<\/p>\n\n\n\n<div style=\"height:15px\" aria-hidden=\"true\" class=\"wp-block-spacer\"><\/div>\n\n\n\n<div class=\"wp-block-columns is-layout-flex wp-container-core-columns-is-layout-28f84493 wp-block-columns-is-layout-flex\">\n<div class=\"wp-block-column has-border-color is-layout-flow wp-block-column-is-layout-flow\" style=\"border-color:#e4e4e1;border-width:1px;border-radius:4px;padding:1.5em 1em\">\n<h5 class=\"wp-block-heading has-text-align-center\"><strong>Piccolo<\/strong><\/h5>\n\n\n\n<p class=\"has-text-align-center has-small-font-size\">12\u00d716 in (30\u00d740 cm)<\/p>\n\n\n\n<h3 class=\"wp-block-heading has-text-align-center\" style=\"font-size:28px\"><strong>Da $149<\/strong><\/h3>\n<\/div>\n\n\n\n<div class=\"wp-block-column has-border-color is-layout-flow wp-block-column-is-layout-flow\" style=\"border-color:#f2d57f;border-width:2px;border-radius:4px;padding:1.5em 1em\">\n<h5 class=\"wp-block-heading has-text-align-center\"><strong>Medio<\/strong><\/h5>\n\n\n\n<p class=\"has-text-align-center has-small-font-size\">20\u00d724 in (50\u00d760 cm)<\/p>\n\n\n\n<h3 class=\"wp-block-heading has-text-align-center\" style=\"font-size:28px\"><strong>Da $249<\/strong><\/h3>\n<\/div>\n\n\n\n<div class=\"wp-block-column has-border-color is-layout-flow wp-block-column-is-layout-flow\" style=\"border-color:#e4e4e1;border-width:1px;border-radius:4px;padding:1.5em 1em\">\n<h5 class=\"wp-block-heading has-text-align-center\"><strong>Grande<\/strong><\/h5>\n\n\n\n<p class=\"has-text-align-center has-small-font-size\">30\u00d740 in (75\u00d7100 cm)<\/p>\n\n\n\n<h3 class=\"wp-block-heading has-text-align-center\" style=\"font-size:28px\"><strong>Da $399<\/strong><\/h3>\n<\/div>\n\n\n\n<div class=\"wp-block-column has-border-color is-layout-flow wp-block-column-is-layout-flow\" style=\"border-color:#e4e4e1;border-width:1px;border-radius:4px;padding:1.5em 1em\">\n<h5 class=\"wp-block-heading has-text-align-center\"><strong>Extra Grande<\/strong><\/h5>\n\n\n\n<p class=\"has-text-align-center has-small-font-size\">40\u00d760 in (100\u00d7150 cm)<\/p>\n\n\n\n<h3 class=\"wp-block-heading has-text-align-center\" style=\"font-size:28px\"><strong>Da $599<\/strong><\/h3>\n<\/div>\n<\/div>\n\n\n\n<p class=\"has-text-align-center has-small-font-size\" style=\"margin-top:1em\">Tutti i prezzi includono la spedizione gratuita in tutto il mondo. Formati personalizzati disponibili su richiesta.<\/p>\n<\/div>\n\n\n\n<div style=\"height:40px\" aria-hidden=\"true\" class=\"wp-block-spacer\"><\/div>\n\n\n\n<div class=\"wp-block-group alignfull has-lite-background-color has-background is-layout-constrained wp-block-group-is-layout-constrained\" style=\"padding-top:5vh;padding-bottom:5vh\">\n<h2 class=\"wp-block-heading has-text-align-center\" style=\"font-size:22px\"><strong>La Nostra Garanzia<\/strong><\/h2>\n\n\n\n<div class=\"wp-block-columns is-layout-flex wp-container-core-columns-is-layout-28f84493 wp-block-columns-is-layout-flex\">\n<div class=\"wp-block-column is-layout-flow wp-block-column-is-layout-flow\">\n<p class=\"has-text-align-center\"><strong>Anteprima Prima della Spedizione<\/strong><br>Guarda il tuo dipinto prima che venga spedito. Modifiche illimitate finch\u00e9 non sei soddisfatto.<\/p>\n<\/div>\n\n\n\n<div class=\"wp-block-column is-layout-flow wp-block-column-is-layout-flow\">\n<p class=\"has-text-align-center\"><strong>Garanzia di Soddisfazione al 100%<\/strong><br>Se dopo le revisioni non sei soddisfatto, offriamo un rimborso completo prima della spedizione.<\/p>\n<\/div>\n\n\n\n<div class=\"wp-block-column is-layout-flow wp-block-column-is-layout-flow\">\n<p class=\"has-text-align-center\"><strong>Resi Entro 30 Giorni<\/strong><br>Hai cambiato idea dopo la consegna? Restituisci l&#8217;opera entro 30 giorni per un rimborso completo.<\/p>\n<\/div>\n<\/div>\n<\/div>\n\n\n\n<div style=\"height:30px\" aria-hidden=\"true\" class=\"wp-block-spacer\"><\/div>\n\n\n\n<div class=\"wp-block-group alignwide is-layout-constrained wp-block-group-is-layout-constrained\">\n<h2 class=\"wp-block-heading has-text-align-center\" style=\"font-size:22px\"><strong>Domande Frequenti sui Dipinti su Commissione<\/strong><\/h2>\n\n\n\n<div style=\"height:10px\" aria-hidden=\"true\" class=\"wp-block-spacer\"><\/div>\n\n\n\n<h5 class=\"wp-block-heading\">Che tipo di foto posso inviare?<\/h5>\n\n\n\n<p class=\"has-small-font-size\">Qualsiasi foto \u2014 ritratti, paesaggi, animali, edifici, momenti del matrimonio, foto di famiglia. Pi\u00f9 alta \u00e8 la risoluzione, migliore sar\u00e0 il risultato.<\/p>\n\n\n\n<h5 class=\"wp-block-heading\">Quali stili pittorici offrite?<\/h5>\n\n\n\n<p class=\"has-small-font-size\">Stile realistico, impressionista, moderno e astratto. Indicaci le tue preferenze e i nostri artisti si adegueranno.<\/p>\n\n\n\n<h5 class=\"wp-block-heading\">Quanto tempo richiede un dipinto su commissione?<\/h5>\n\n\n\n<p class=\"has-small-font-size\">2-4 settimane per la realizzazione, pi\u00f9 5-7 giorni per la spedizione in tutto il mondo. Gli ordini urgenti potrebbero essere disponibili \u2014 contattaci per saperne di pi\u00f9.<\/p>\n\n\n\n<h5 class=\"wp-block-heading\">Posso richiedere modifiche dopo aver visto l&#8217;anteprima?<\/h5>\n\n\n\n<p class=\"has-small-font-size\">S\u00ec, le revisioni sono illimitate e incluse nel prezzo. Aggiustiamo colori, dettagli o composizione finch\u00e9 non sei completamente soddisfatto.<\/p>\n\n\n\n<h5 class=\"wp-block-heading\">Cosa succede se il risultato finale non mi soddisfa?<\/h5>\n\n\n\n<p class=\"has-small-font-size\">Offriamo un rimborso completo prima della spedizione se, dopo le revisioni, non sei soddisfatto. Dopo la consegna, hai 30 giorni di tempo per restituire l&#8217;opera e ricevere un rimborso integrale.<\/p>\n<\/div>\n\n\n\n<div style=\"height:40px\" aria-hidden=\"true\" class=\"wp-block-spacer\"><\/div>\n\n\n\n<div class=\"wp-block-buttons is-content-justification-center is-layout-flex wp-container-core-buttons-is-layout-a89b3969 wp-block-buttons-is-layout-flex\">\n<div class=\"wp-block-button\"><a class=\"wp-block-button__link has-primary-color has-text-color has-background has-custom-font-size wp-element-button\" style=\"background-color:#f2d57f;padding-right:50px;padding-left:50px;font-size:18px\" href=\"https:\/\/artworkvietnam.com\/it\/contattaci\/\"><strong>Ordina il Tuo Dipinto su Commissione<\/strong><\/a><\/div>\n<\/div>\n\n\n\n<div style=\"height:40px\" aria-hidden=\"true\" class=\"wp-block-spacer\"><\/div>\n\n","protected":false},"excerpt":{"rendered":"<p>La Tua Foto, i Nostri Artisti, il Tuo Capolavoro Trasforma qualsiasi foto in uno splendido dipinto a olio su tela, realizzato interamente a mano. I nostri talentuosi artisti vietnamiti riportano in vita i tuoi ricordi pi\u00f9 cari \u2014 ritratti, paesaggi, foto di animali domestici \u2014 creando un&#8217;opera unica al mondo, dipinta con colori a olio [&hellip;]<\/p>\n","protected":false},"author":0,"featured_media":0,"parent":0,"menu_order":0,"comment_status":"closed","ping_status":"closed","template":"","meta":{"footnotes":""},"class_list":["post-20362","page","type-page","status-publish","hentry"],"_links":{"self":[{"href":"https:\/\/artworkvietnam.com\/it\/wp-json\/wp\/v2\/pages\/20362","targetHints":{"allow":["GET"]}}],"collection":[{"href":"https:\/\/artworkvietnam.com\/it\/wp-json\/wp\/v2\/pages"}],"about":[{"href":"https:\/\/artworkvietnam.com\/it\/wp-json\/wp\/v2\/types\/page"}],"replies":[{"embeddable":true,"href":"https:\/\/artworkvietnam.com\/it\/wp-json\/wp\/v2\/comments?post=20362"}],"version-history":[{"count":0,"href":"https:\/\/artworkvietnam.com\/it\/wp-json\/wp\/v2\/pages\/20362\/revisions"}],"wp:attachment":[{"href":"https:\/\/artworkvietnam.com\/it\/wp-json\/wp\/v2\/media?parent=20362"}],"curies":[{"name":"wp","href":"https:\/\/api.w.org\/{rel}","templated":true}]}}