{"id":20976,"date":"2026-04-04T10:24:24","date_gmt":"2026-04-04T10:24:24","guid":{"rendered":"https:\/\/artworkvietnam.com\/product\/dipinto-di-hoi-an-la-strada-delle-lanterne\/"},"modified":"2026-04-04T10:24:24","modified_gmt":"2026-04-04T10:24:24","slug":"dipinto-di-hoi-an-la-strada-delle-lanterne","status":"publish","type":"product","link":"https:\/\/artworkvietnam.com\/it\/product\/dipinto-di-hoi-an-la-strada-delle-lanterne\/","title":{"rendered":"Dipinto di Hoi An \u2013 La Strada delle Lanterne"},"content":{"rendered":"<p data-path-to-node=\"12\">Lasciati avvolgere dalla magia festosa del Vietnam con questo incantevole dipinto di Hoi An. Quest&#8217;opera d&#8217;arte mozzafiato cattura con straordinaria vivacit\u00e0 l&#8217;atmosfera indimenticabile della citt\u00e0 antica al crepuscolo. \u00c8 un fulcro visivo di grande impatto che riempir\u00e0 immediatamente il tuo spazio di calore, colori vibranti ed energia gioiosa per molti anni a venire.<\/p>\n<p data-path-to-node=\"13\">Il dipinto ti trasporta direttamente in una storica e animata via pedonale nell&#8217;ora in cui cala la sera. Una splendida volta di lanterne di seta tradizionali attraversa il cielo al crepuscolo. Queste bellissime lanterne illuminate brillano di arancioni caldi, rossi profondi e verdi vivaci, diffondendo una luce magica su tutto il quartiere.<\/p>\n<p data-path-to-node=\"14\">Sotto questa spettacolare copertura luminosa, una folla vivace di abitanti e visitatori passeggia lungo il selciato umido. La strada appena bagnata crea una superficie simile a uno specchio che riflette perfettamente le luci brillanti e le figure in movimento. Questo brillante dettaglio artistico aggiunge profondit\u00e0 straordinaria e un&#8217;atmosfera romantica e coinvolgente alla composizione.<\/p>\n<p data-path-to-node=\"15\">Al centro della folla animata, una donna elegante cammina con grazia in un fluente Ao Dai rosa, la tradizionale tunica vietnamita. Porta il classico n\u00f3n l\u00e1, il cappello conico, che radica questa scena energica in una profonda autenticit\u00e0 culturale. Tutto intorno, le iconiche pareti giallo senape degli edifici storici incorniciano la strada, catturando perfettamente il paesaggio architettonico dell&#8217;amato porto commerciale.<\/p>\n<p data-path-to-node=\"16\">L&#8217;artista di grande talento utilizza una magistrale tecnica impasto per dare vita a questa dinamica scena serale. Strati densi ed espressivi di pittura a olio vengono applicati con sapienza usando spatole. Il risultato \u00e8 una superficie straordinariamente tattile e tridimensionale. Si apprezza visibilmente la texture ricca e in rilievo nelle pieghe intricate delle lanterne, nelle facciate rustiche degli edifici e nel selciato bagnato che scintilla.<\/p>\n<p data-path-to-node=\"17\">Questo quadro vivace e profondamente evocativo \u00e8 un&#8217;aggiunta assolutamente perfetta per la tua decorazione d&#8217;interni. La luminosit\u00e0 calda e avvolgente e il soggetto animato lo rendono un punto focale ideale per un moderno soggiorno, un ingresso accogliente o una zona pranzo ricca di cultura. \u00c8 un meraviglioso spunto di conversazione per i tuoi ospiti.<\/p>\n<p data-path-to-node=\"18\">Da Artwork Vietnam, siamo profondamente impegnati a preservare e condividere il nostro ricco patrimonio culturale. Il nostro studio dedicato propone con orgoglio opere personalizzate realizzate interamente a mano da artisti vietnamiti di grande talento. Ogni singola opera viene prodotta meticolosamente su rigorosa ordinazione.<\/p>\n<p data-path-to-node=\"19\">Questa incantevole scena serale \u00e8 uno dei fiori all&#8217;occhiello della nostra categoria Pittura a Olio e Stampe d&#8217;Arte. Scegli con fiducia di andare oltre i classici souvenir turistici prodotti in serie e investi in un&#8217;artigianalit\u00e0 davvero autentica e raffinata. Aggiungi questo pezzo eccezionale alla tua collezione personale e porta nelle tue pareti lo spirito festoso e senza tempo delle serate vietnamite.<\/p>\n","protected":false},"excerpt":{"rendered":"<p>\u2022 Dipinto a olio su tela realizzato a mano da artisti vietnamiti<br \/>\n\u2022 Prodotto su ordinazione \u2014 tempi di produzione 2-4 settimane<br \/>\n\u2022 Disponibile in pi\u00f9 formati: da 30\u00d730 cm a 100\u00d7100 cm<br \/>\n\u2022 Spedizione gratuita in tutto il mondo (5-7 giorni tramite DHL\/FedEx)<br \/>\n\u2022 Garanzia di soddisfazione 100% \u2014 anteprima prima della spedizione<\/p>\n<p>Porta a casa la magia festosa con questo incantevole dipinto di Hoi An. Una strada animata sotto luminose lanterne di seta e una donna in Ao Dai rosa. Quest&#8217;opera con texture cattura magnificamente una serata vivace in Vietnam.<\/p>\n","protected":false},"featured_media":6384,"template":"","meta":[],"product_brand":[],"product_cat":[47],"product_tag":[],"class_list":{"0":"post-20976","1":"product","2":"type-product","3":"status-publish","4":"has-post-thumbnail","6":"product_cat-oil-painting-and-art-print","8":"first","9":"instock","10":"shipping-taxable","11":"purchasable","12":"product-type-variable"},"_links":{"self":[{"href":"https:\/\/artworkvietnam.com\/it\/wp-json\/wp\/v2\/product\/20976","targetHints":{"allow":["GET"]}}],"collection":[{"href":"https:\/\/artworkvietnam.com\/it\/wp-json\/wp\/v2\/product"}],"about":[{"href":"https:\/\/artworkvietnam.com\/it\/wp-json\/wp\/v2\/types\/product"}],"wp:featuredmedia":[{"embeddable":true,"href":"https:\/\/artworkvietnam.com\/it\/wp-json\/wp\/v2\/media\/6384"}],"wp:attachment":[{"href":"https:\/\/artworkvietnam.com\/it\/wp-json\/wp\/v2\/media?parent=20976"}],"wp:term":[{"taxonomy":"product_brand","embeddable":true,"href":"https:\/\/artworkvietnam.com\/it\/wp-json\/wp\/v2\/product_brand?post=20976"},{"taxonomy":"product_cat","embeddable":true,"href":"https:\/\/artworkvietnam.com\/it\/wp-json\/wp\/v2\/product_cat?post=20976"},{"taxonomy":"product_tag","embeddable":true,"href":"https:\/\/artworkvietnam.com\/it\/wp-json\/wp\/v2\/product_tag?post=20976"}],"curies":[{"name":"wp","href":"https:\/\/api.w.org\/{rel}","templated":true}]}}