{"id":21013,"date":"2026-04-04T10:25:39","date_gmt":"2026-04-04T10:25:39","guid":{"rendered":"https:\/\/artworkvietnam.com\/product\/dipinto-atmosferico-del-ponte-long-bien\/"},"modified":"2026-04-04T10:25:39","modified_gmt":"2026-04-04T10:25:39","slug":"dipinto-atmosferico-del-ponte-long-bien","status":"publish","type":"product","link":"https:\/\/artworkvietnam.com\/it\/product\/dipinto-atmosferico-del-ponte-long-bien\/","title":{"rendered":"Dipinto Atmosferico del Ponte Long Bien"},"content":{"rendered":"<p data-path-to-node=\"12\">Porta nella tua casa lo spirito autentico e vibrante della capitale vietnamita. Questo suggestivo dipinto del Ponte Long Bien cattura con straordinaria intensit\u00e0 un momento di vita quotidiana nel cuore di Hanoi, diventando un centro visivo di grande impatto che aggiunge energia urbana e profondit\u00e0 storica all&#8217;arredamento della tua casa.<\/p>\n<p data-path-to-node=\"13\">L&#8217;opera si concentra su un vivace mercato di strada che si svolge direttamente sotto un imponente ponte a traliccio in acciaio arrugginito. Questa struttura industriale iconica domina la met\u00e0 superiore della tela. Il ferro corroso nelle tonalit\u00e0 dell&#8217;arancione e del marrone si erge verso un cielo grigio e velato. Questo gigante di metallo svetta come fiero simbolo di resilienza storica e di una forza architettonica che non conosce tempo.<\/p>\n<p data-path-to-node=\"14\">Sotto le massicce travi d&#8217;acciaio, il ritmo quotidiano della vita vietnamita si dispiega con energia e colore. I venditori lavorano instancabilmente tra bancarelle improvvisate coperte da teloni blu e arancioni. Un&#8217;avventrice con un impermeabile giallo brillante \u00e8 ferma accanto a una bicicletta verde, intenta a scegliere prodotti freschi. Poco distante, una persona in scooter con un impermeabile rosso si fa strada tra la folla, aggiungendo alla scena un senso di dinamismo e movimento.<\/p>\n<p data-path-to-node=\"15\">L&#8217;artista impiega una tecnica impasto sapiente e decisa per dare vita a questo complesso paesaggio urbano. Strati densi e intenzionali di pittura a olio vengono stesi con espressivi colpi di spatola. Il risultato \u00e8 una superficie altamente tattile e tridimensionale sull&#8217;intera tela. La ricca texture in rilievo \u00e8 chiaramente visibile nel fango della strada, nei dettagliati tralicci metallici e nelle casse del mercato sparse in primo piano.<\/p>\n<p data-path-to-node=\"16\">This deeply authentic piece is a perfect addition to your modern interior design. The cool grey background contrasting with the warm, vibrant pops of color makes it an ideal focal point for an industrial loft, a contemporary living room, or a private study. It provides a beautiful daily reminder of simple resilience and serves as a wonderful conversation starter.<\/p>\n<p data-path-to-node=\"17\">In Artwork Vietnam siamo profondamente impegnati a condividere la bellezza autentica del nostro patrimonio culturale. Il nostro studio realizza con orgoglio opere artigianali su misura, create interamente da talentuosi artisti vietnamiti. Ogni opera viene prodotta rigorosamente su ordinazione.<\/p>\n<p data-path-to-node=\"18\">Questo straordinario dipinto \u00e8 un&#8217;eccellenza della nostra categoria Dipinti a Olio &amp; Stampe d&#8217;Arte. Dimentica i souvenirs turistici di massa e scegli invece un&#8217;artigianalit\u00e0 davvero autentica e raffinata. Aggiungi oggi questo bellissimo pezzo alla tua collezione personale e celebra ogni giorno il fascino senza tempo di Hanoi, direttamente sulle tue pareti.<\/p>\n","protected":false},"excerpt":{"rendered":"<p>\u2022 Dipinto a olio su tela, realizzato a mano da artisti vietnamiti<br \/>\n\u2022 Prodotto su ordinazione \u2014 tempi di produzione 2-4 settimane<br \/>\n\u2022 Disponibile in pi\u00f9 formati: da 30\u00d730 cm a 100\u00d7100 cm<br \/>\n\u2022 Spedizione gratuita in tutto il mondo (5-7 giorni tramite DHL\/FedEx)<br \/>\n\u2022 Soddisfazione garantita al 100% \u2014 anteprima prima della spedizione<\/p>\n<p>Cattura l&#8217;anima autentica di Hanoi con questo suggestivo dipinto del Ponte Long Bien. Un vivace mercato di strada sotto il leggendario ponte in acciaio arrugginito: un&#8217;opera ricca di texture che celebra la vita urbana quotidiana del Vietnam.<\/p>\n","protected":false},"featured_media":6422,"template":"","meta":[],"product_brand":[],"product_cat":[763,763],"product_tag":[867,879,885,861,837,873],"class_list":{"0":"post-21013","1":"product","2":"type-product","3":"status-publish","4":"has-post-thumbnail","6":"product_cat-pittura-olio-stampe","8":"product_tag-arte-murale-camera-da-letto","9":"product_tag-arte-murale-sala-da-pranzo","10":"product_tag-arte-murale-corridoio","11":"product_tag-arte-murale-soggiorno","12":"product_tag-long-bien-bridge-arte-murale","13":"product_tag-arte-murale-ufficio","15":"first","16":"instock","17":"shipping-taxable","18":"purchasable","19":"product-type-variable"},"_links":{"self":[{"href":"https:\/\/artworkvietnam.com\/it\/wp-json\/wp\/v2\/product\/21013","targetHints":{"allow":["GET"]}}],"collection":[{"href":"https:\/\/artworkvietnam.com\/it\/wp-json\/wp\/v2\/product"}],"about":[{"href":"https:\/\/artworkvietnam.com\/it\/wp-json\/wp\/v2\/types\/product"}],"wp:featuredmedia":[{"embeddable":true,"href":"https:\/\/artworkvietnam.com\/it\/wp-json\/wp\/v2\/media\/6422"}],"wp:attachment":[{"href":"https:\/\/artworkvietnam.com\/it\/wp-json\/wp\/v2\/media?parent=21013"}],"wp:term":[{"taxonomy":"product_brand","embeddable":true,"href":"https:\/\/artworkvietnam.com\/it\/wp-json\/wp\/v2\/product_brand?post=21013"},{"taxonomy":"product_cat","embeddable":true,"href":"https:\/\/artworkvietnam.com\/it\/wp-json\/wp\/v2\/product_cat?post=21013"},{"taxonomy":"product_tag","embeddable":true,"href":"https:\/\/artworkvietnam.com\/it\/wp-json\/wp\/v2\/product_tag?post=21013"}],"curies":[{"name":"wp","href":"https:\/\/api.w.org\/{rel}","templated":true}]}}