{"id":21557,"date":"2026-04-04T10:30:20","date_gmt":"2026-04-04T10:30:20","guid":{"rendered":"https:\/\/artworkvietnam.com\/product\/autunno-maestoso-dipinto-della-pagoda-thien-mu\/"},"modified":"2026-04-04T10:30:20","modified_gmt":"2026-04-04T10:30:20","slug":"autunno-maestoso-dipinto-della-pagoda-thien-mu","status":"publish","type":"product","link":"https:\/\/artworkvietnam.com\/it\/product\/autunno-maestoso-dipinto-della-pagoda-thien-mu\/","title":{"rendered":"Autunno Maestoso \u2014 Dipinto della Pagoda Thien Mu"},"content":{"rendered":"<p data-path-to-node=\"12\">Porta la grandiosit\u00e0 spirituale e la bellezza storica di Hue nel tuo spazio di vita. Questo maestoso dipinto della Pagoda Thien Mu offre una prospettiva ravvicinata e mozzafiato sul tempio buddista pi\u00f9 iconico del Vietnam. Un capolavoro visivo capace di aggiungere immediatamente profondit\u00e0 culturale, colori vibranti e una straordinaria texture alla tua casa.<\/p>\n<p data-path-to-node=\"13\">L&#8217;opera si concentra sulla svettante struttura ottagonale in mattoni a sette piani, orgoglioso simbolo dell&#8217;antica capitale da secoli. L&#8217;artista coglie il tempio da un&#8217;angolazione drammatica dal basso, esaltandone l&#8217;altezza maestosa e la solidit\u00e0 senza tempo. Ogni dettaglio architettonico \u00e8 chiaramente visibile, dai raffinati portali ad arco ai tetti a pi\u00f9 livelli curvi, fino ai pannelli verticali di calligrafia tradizionale che ornano i livelli inferiori. I caldi toni terracotta e marroni del mattone storico raccontano secoli di storia e resilienza.<\/p>\n<p data-path-to-node=\"14\">Beautifully framing this ancient structure is a breathtaking display of vibrant autumn foliage. The dense tree canopies burst with fiery reds, bright oranges, and golden yellows, subtly interspersed with touches of deep green. This brilliant natural framing perfectly softens the sturdy architectural lines. It creates a highly dynamic, warm contrast against the pale, cloudy blue sky in the background.<\/p>\n<p data-path-to-node=\"15\">Una magistrale e intensa tecnica a impasto d\u00e0 vita a questo paesaggio culturalmente ricco. Spessi strati di pittura a olio vengono stesi con sicure pennellate di spatola, con grande intenzione artistica. Questo metodo crea una superficie straordinariamente tattile e tridimensionale sull&#8217;intera tela. Si pu\u00f2 vedere e quasi sentire la ricca texture nelle foglie autunnali, nella facciata in mattoni consumata dal tempo e nel cielo luminoso e vorticoso.<\/p>\n<p data-path-to-node=\"16\">Quest&#8217;opera di grande atmosfera \u00e8 un&#8217;aggiunta straordinariamente elegante al tuo arredamento d&#8217;interni. I toni caldi e fiammanti ne fanno un punto focale ideale per una sala da pranzo formale, uno studio privato raccolto o un ingresso accogliente. Un bellissimo promemoria quotidiano di quiete duratura e di forza storica.<\/p>\n<p data-path-to-node=\"17\">In Artwork Vietnam siamo profondamente impegnati nel condividere la bellezza autentica del nostro ricco patrimonio culturale. Il nostro studio lavora con dedizione e propone con orgoglio opere artigianali su misura, realizzate interamente da artisti vietnamiti di grande talento. Ogni opera d&#8217;arte viene prodotta con cura, rigorosamente su ordinazione. Siamo orgogliosi di servire appassionati collezionisti d&#8217;arte, interior designer professionisti e chiunque desideri arricchire la propria casa con pezzi vietnamiti ricchi di significato.<\/p>\n<p data-path-to-node=\"18\">Questo magnifico ritratto \u00e8 uno dei punti di eccellenza della nostra categoria Dipinti a Olio &amp; Stampe d&#8217;Arte, selezionata con grande cura. Dimentica i classici souvenir turistici prodotti in serie e scegli invece un artigianato davvero autentico. Aggiungi questo pezzo eccezionale alla tua collezione personale e celebra il fascino maestoso di Hue direttamente sulle pareti di casa tua.<\/p>\n","protected":false},"excerpt":{"rendered":"<p>\u2022 Dipinto a olio su tela, realizzato a mano da artisti vietnamiti<br \/>\n\u2022 Su ordinazione \u2014 tempi di produzione 2-4 settimane<br \/>\n\u2022 Disponibile in pi\u00f9 formati: da 30\u00d730 cm a 100\u00d7100 cm<br \/>\n\u2022 Spedizione gratuita in tutto il mondo (5-7 giorni tramite DHL\/FedEx)<br \/>\n\u2022 Soddisfazione garantita al 100% \u2014 anteprima prima della spedizione<\/p>\n<p>Arricchisci il tuo arredamento con questo maestoso dipinto della Pagoda Thien Mu. Con l&#8217;iconica pagoda in mattoni a sette piani di Hue incorniciata da un vibrante fogliame autunnale, quest&#8217;opera dall&#8217;intensa texture cattura perfettamente il ricco patrimonio spirituale del Vietnam.<\/p>\n","protected":false},"featured_media":6980,"template":"","meta":[],"product_brand":[],"product_cat":[47],"product_tag":[],"class_list":{"0":"post-21557","1":"product","2":"type-product","3":"status-publish","4":"has-post-thumbnail","6":"product_cat-oil-painting-and-art-print","8":"first","9":"instock","10":"shipping-taxable","11":"purchasable","12":"product-type-variable"},"_links":{"self":[{"href":"https:\/\/artworkvietnam.com\/it\/wp-json\/wp\/v2\/product\/21557","targetHints":{"allow":["GET"]}}],"collection":[{"href":"https:\/\/artworkvietnam.com\/it\/wp-json\/wp\/v2\/product"}],"about":[{"href":"https:\/\/artworkvietnam.com\/it\/wp-json\/wp\/v2\/types\/product"}],"wp:featuredmedia":[{"embeddable":true,"href":"https:\/\/artworkvietnam.com\/it\/wp-json\/wp\/v2\/media\/6980"}],"wp:attachment":[{"href":"https:\/\/artworkvietnam.com\/it\/wp-json\/wp\/v2\/media?parent=21557"}],"wp:term":[{"taxonomy":"product_brand","embeddable":true,"href":"https:\/\/artworkvietnam.com\/it\/wp-json\/wp\/v2\/product_brand?post=21557"},{"taxonomy":"product_cat","embeddable":true,"href":"https:\/\/artworkvietnam.com\/it\/wp-json\/wp\/v2\/product_cat?post=21557"},{"taxonomy":"product_tag","embeddable":true,"href":"https:\/\/artworkvietnam.com\/it\/wp-json\/wp\/v2\/product_tag?post=21557"}],"curies":[{"name":"wp","href":"https:\/\/api.w.org\/{rel}","templated":true}]}}