{"id":21709,"date":"2026-04-04T10:31:56","date_gmt":"2026-04-04T10:31:56","guid":{"rendered":"https:\/\/artworkvietnam.com\/product\/dipinto-del-mercato-ben-thanh-in-una-giornata-di-sole\/"},"modified":"2026-04-04T10:31:56","modified_gmt":"2026-04-04T10:31:56","slug":"dipinto-del-mercato-ben-thanh-in-una-giornata-di-sole","status":"publish","type":"product","link":"https:\/\/artworkvietnam.com\/it\/product\/dipinto-del-mercato-ben-thanh-in-una-giornata-di-sole\/","title":{"rendered":"Dipinto del Mercato Ben Thanh in una Giornata di Sole"},"content":{"rendered":"<p data-path-to-node=\"12\">Porta nella tua casa l&#8217;energia luminosa e frenetica di Ho Chi Minh City. Questo dipinto del Mercato Ben Thanh, inondato di sole, offre una prospettiva ampia e mozzafiato del monumento pi\u00f9 celebre della citt\u00e0. Un&#8217;opera capace di diventare subito il cuore visivo di ogni ambiente, arricchendo la tua decorazione d&#8217;interni con carattere culturale, colori vibranti e una texture di grande impatto.<\/p>\n<p data-path-to-node=\"13\">The artwork beautifully focuses on the iconic southern entrance of the market, instantly recognizable by its towering central clock. The warm, pale yellow facade and the long row of classic archways stand strong under a brilliant, cloud-dotted blue sky. The market&#8217;s distinctive red roof adds a warm pop of color, while modern city high-rises peak through in the background, beautifully illustrating the blend of historic and contemporary Saigon.<\/p>\n<p data-path-to-node=\"14\">Al livello della strada, si dispiega il ritmo dinamico ed energico della vita urbana vietnamita contemporanea. I locali percorrono il largo viale su motorini colorati, catturando alla perfezione lo spirito frenetico e inconfondibile di questa metropoli del sud. La vera magia dell&#8217;opera risiede nel primo piano: la strada inondata di sole \u00e8 resa magistralmente con ombre profonde in blu e oro che creano un contrasto visivo di grande impatto.<\/p>\n<p data-path-to-node=\"15\">Una tecnica impasto magistrale e dall&#8217;espressivit\u00e0 travolgente d\u00e0 vita a questo vivace paesaggio urbano. Spessi strati di colore a olio vengono applicati con sicurezza attraverso decise pennellate di spatola. Questo metodo artistico crea una superficie straordinariamente tattile e tridimensionale su tutta la tela. Si possono vedere e quasi toccare le ricche texture nelle ombre dinamiche della strada, nelle nuvole soffici e nelle solide mura del mercato.<\/p>\n<p data-path-to-node=\"16\">Quest&#8217;opera dall&#8217;energia travolgente \u00e8 un&#8217;aggiunta di rara eleganza per qualsiasi progetto di interior design. I toni brillanti e soleggiati che si contrappongono ai blu intensi la rendono un punto focale ideale per un soggiorno contemporaneo, un ufficio moderno e vivace, o un ingresso accogliente. Un promemoria quotidiano del pulsare gioioso e incessante di questa citt\u00e0, perfetto anche per animare una conversazione.<\/p>\n<p data-path-to-node=\"17\">Da Artwork Vietnam, siamo profondamente impegnati a condividere la bellezza autentica del nostro ricco patrimonio culturale. Il nostro studio realizza con orgoglio opere artigianali su commissione, create interamente da artisti vietnamiti di grande talento. Ogni opera viene prodotta con cura, esclusivamente su ordinazione.<\/p>\n<p data-path-to-node=\"18\">Questo magnifico paesaggio urbano \u00e8 un pezzo di pregio della nostra selezione curata di <strong data-start=\"3548\" data-end=\"3576\">Dipinti a Olio e Stampe d&#8217;Arte <\/strong>Lascia perdere i soliti souvenir turistici prodotti in serie e scegli invece un&#8217;artigianalit\u00e0 autenticamente straordinaria. Aggiungi oggi questo pezzo eccezionale alla tua collezione personale e porta il fascino luminoso e vivace di Saigon direttamente sulle tue pareti.<\/p>\n","protected":false},"excerpt":{"rendered":"<p>\u2022 Dipinto a olio su tela, realizzato a mano da artisti vietnamiti<br \/>\n\u2022 Su ordinazione \u2014 tempi di produzione 2-4 settimane<br \/>\n\u2022 Disponibile in pi\u00f9 formati: da 30\u00d730 cm a 100\u00d7100 cm<br \/>\n\u2022 Spedizione gratuita in tutto il mondo (5-7 giorni tramite DHL\/FedEx)<br \/>\n\u2022 Soddisfazione garantita al 100% \u2014 anteprima prima della spedizione<\/p>\n<p>Porta tutta l&#8217;energia vibrante di Saigon nel tuo spazio con questo luminoso dipinto del Mercato Ben Thanh. Con l&#8217;iconica torre dell&#8217;orologio e il traffico frenetico di motorini su una strada inondata di sole, questo dipinto a olio dall&#8217;impasto ricchissimo cattura il cuore della Saigon moderna.<\/p>\n","protected":false},"featured_media":7136,"template":"","meta":[],"product_brand":[],"product_cat":[763,47],"product_tag":[775],"class_list":{"0":"post-21709","1":"product","2":"type-product","3":"status-publish","4":"has-post-thumbnail","6":"product_cat-pittura-olio-stampe","7":"product_cat-oil-painting-and-art-print","8":"product_tag-gift-idea","10":"first","11":"instock","12":"shipping-taxable","13":"purchasable","14":"product-type-variable"},"_links":{"self":[{"href":"https:\/\/artworkvietnam.com\/it\/wp-json\/wp\/v2\/product\/21709","targetHints":{"allow":["GET"]}}],"collection":[{"href":"https:\/\/artworkvietnam.com\/it\/wp-json\/wp\/v2\/product"}],"about":[{"href":"https:\/\/artworkvietnam.com\/it\/wp-json\/wp\/v2\/types\/product"}],"wp:featuredmedia":[{"embeddable":true,"href":"https:\/\/artworkvietnam.com\/it\/wp-json\/wp\/v2\/media\/7136"}],"wp:attachment":[{"href":"https:\/\/artworkvietnam.com\/it\/wp-json\/wp\/v2\/media?parent=21709"}],"wp:term":[{"taxonomy":"product_brand","embeddable":true,"href":"https:\/\/artworkvietnam.com\/it\/wp-json\/wp\/v2\/product_brand?post=21709"},{"taxonomy":"product_cat","embeddable":true,"href":"https:\/\/artworkvietnam.com\/it\/wp-json\/wp\/v2\/product_cat?post=21709"},{"taxonomy":"product_tag","embeddable":true,"href":"https:\/\/artworkvietnam.com\/it\/wp-json\/wp\/v2\/product_tag?post=21709"}],"curies":[{"name":"wp","href":"https:\/\/api.w.org\/{rel}","templated":true}]}}