{"id":22017,"date":"2026-04-04T10:35:31","date_gmt":"2026-04-04T10:35:31","guid":{"rendered":"https:\/\/artworkvietnam.com\/product\/arte-vietnam-bandiere-festive-nel-quartiere-antico\/"},"modified":"2026-04-04T10:35:31","modified_gmt":"2026-04-04T10:35:31","slug":"arte-vietnam-bandiere-festive-nel-quartiere-antico","status":"publish","type":"product","link":"https:\/\/artworkvietnam.com\/it\/product\/arte-vietnam-bandiere-festive-nel-quartiere-antico\/","title":{"rendered":"Arte Vietnam Bandiere Festive nel Quartiere Antico"},"content":{"rendered":"<p data-path-to-node=\"0\"><b data-path-to-node=\"0\" data-index-in-node=\"0\">Descrizione completa del prodotto: Arte Vietnam Bandiere Festive nel Quartiere Antico<\/b><\/p>\n<p data-path-to-node=\"1\">Porta nel tuo spazio lo spirito vibrante e indomito e il ricco cuore storico di Hanoi. Questo magnifico dipinto a olio dall&#8217;intensa texture offre una prospettiva mozzafiato e inondata di sole sul quartiere pi\u00f9 amato della capitale. Ben pi\u00f9 di una bella immagine, quest&#8217;opera \u00e8 un profondo ponte culturale \u2014 un punto focale visivo di straordinaria presenza che aggiunge carattere, colori brillanti e una presenza tattile incredibile a qualsiasi ambiente. Per chi rimpiange il calore familiare della madrepatria, o per i collezionisti pi\u00f9 esigenti alla ricerca di un pezzo di cultura del Sud-Est asiatico dal significato profondo, questo dipinto racchiude l&#8217;anima stessa del Vietnam.<\/p>\n<p data-path-to-node=\"2\">La vera magia di questa composizione risiede nella sua travolgente e gioiosa esplosione di colore. Il punto focale \u00e8 uno spettacolare intreccio di vivaci bandiere rosse festive che drappeggia generosamente balconi e si incrocia sulla vivace strada sottostante. Questi vistosi stendardi rossi, con l&#8217;iconica stella dorata della bandiera nazionale, rappresentano il profondo orgoglio patriottico e l&#8217;atmosfera di festa che avvolge il paese durante le grandi ricorrenze nazionali, le celebrazioni per la Giornata dell&#8217;Indipendenza o il gioioso Capodanno Lunare. L&#8217;artista ha sapientemente stratificato la pittura cremisi per far sembrare i drappi vivi, come se ondeggiassero e schioccassero in una calda brezza passeggera.<\/p>\n<p data-path-to-node=\"3\">A fare da contrasto luminoso e caldo al mare di rosso \u00e8 il classico edificio d&#8217;angolo a pi\u00f9 piani, dipinto nel tradizionale giallo dorato e soleggiato cos\u00ec caratteristico delle antiche strade di Hanoi (Ph\u1ed1 C\u1ed5). L&#8217;edificio stesso racconta una storia di generazioni. La sua facciata consumata dal tempo, le classiche finestre con persiane e i balconi in ferro sovrapposti mostrano il fascino architettonico senza tempo del Quartiere Antico. L&#8217;artista ha catturato alla perfezione come la intensa luce tropicale inondi i piani superiori, creando un bagliore radioso che esalta magnificamente i dettagli intricati dell&#8217;intonaco invecchiato e della muratura.<\/p>\n<p data-path-to-node=\"4\">Mentre lo sguardo scende verso il livello della strada, si svela il ritmo dinamico e quotidiano della vita vietnamita. Qui la luce intensa lascia spazio a ombre profonde, fresche e texturate. I negozi al piano terra e i venditori locali si affacciano direttamente sul marciapiede \u2014 un tratto distintivo del vivace commercio di strada del Vietnam. Si possono cogliere i dettagli sottili della vita locale: un&#8217;insegna con la scritta &#8220;H\u1ea2I LOAN&#8221;, lanterne tradizionali appese sopra un portone e le immancabili moto parcheggiate che riposano tranquillamente all&#8217;ombra, in attesa dei loro proprietari.<\/p>\n<p data-path-to-node=\"5\">Nel luminoso primo piano soleggiato, un magnifico tocco di movimento nostalgico \u00e0ncora il vivace paesaggio urbano. Un tradizionale cyclo \u2014 l&#8217;iconico risci\u00f2 a tre ruote del Vietnam \u2014 trasporta un passeggero attraverso l&#8217;incrocio. Il conducente del cyclo, vestito con una semplice camicia blu, naviga con silenziosa maestria nel vivace caos della citt\u00e0. La strada sotto di loro non \u00e8 solo asfalto grigio e piatto, ma uno spettacolare mosaico impressionistico di colori. L&#8217;artista ha usato densi tocchi di giallo, blu e rosso per rappresentare la luce screziata e i riflessi che rimbalzano sul selciato irregolare.<\/p>\n<p data-path-to-node=\"6\">\u00c8 una tecnica a impasto magistrale e dal forte impatto espressivo a dare vera vita a questo festoso paesaggio urbano. Generosi e abbondanti strati di colori a olio di qualit\u00e0 superiore vengono stesi con sicurezza e vigore tramite decise pennellate di spatola. Questo metodo pittorico altamente specializzato crea una superficie notevolmente tattile e tridimensionale su tutta la tela. Al variare della luce naturale nella tua stanza nel corso della giornata, i rilievi e le valli della pittura catturano la luce in modo sempre diverso, rendendo l&#8217;opera incredibilmente dinamica e viva. Puoi vedere e sentire chiaramente la ricca texture nelle bandiere rosse ondeggianti, nei dettagli architettonici consumati dal tempo e nel selciato grezzo e soleggiato.<\/p>\n<p data-path-to-node=\"7\">Questo pezzo dall&#8217;energia vivace \u00e8 un&#8217;aggiunta di straordinaria eleganza a un progetto d&#8217;interni curato con attenzione. I toni caldi e luminosi in contrasto con i rossi festivi lo rendono il punto focale ideale per un soggiorno contemporaneo, un ufficio professionale dinamico o una sala da pranzo ricca di suggestioni culturali. Offre ogni giorno un bel promemoria del pulsare gioioso e continuo della citt\u00e0. Questo pezzo si distingue come un investimento straordinario in artigianalit\u00e0 autentica, offrendo ogni giorno un legame potente con le strade vibranti, la storia millenaria e il profondo orgoglio culturale di Hanoi.<\/p>\n","protected":false},"excerpt":{"rendered":"<p>\u2022 Dipinto a olio su tela a mano da artisti vietnamiti<br \/>\n\u2022 Realizzato su ordinazione \u2014 tempi di produzione 2-4 settimane<br \/>\n\u2022 Disponibile in pi\u00f9 formati: da 30\u00d730 cm a 100\u00d7100 cm<br \/>\n\u2022 Spedizione gratuita in tutto il mondo (5-7 giorni tramite DHL\/FedEx)<br \/>\n\u2022 Garanzia di soddisfazione 100% \u2014 anteprima prima della spedizione<\/p>\n<p>Porta la vibrante energia di Hanoi nei tuoi spazi con questa festosa arte del Quartiere Antico del Vietnam. Con un classico cyclo che passa sotto uno spettacolare intreccio di bandiere rosse e la storica architettura gialla, questo dipinto a olio dall&#8217;intensa texture cattura perfettamente il dinamico cuore culturale della citt\u00e0.<\/p>\n","protected":false},"featured_media":7959,"template":"","meta":[],"product_brand":[],"product_cat":[47],"product_tag":[],"class_list":{"0":"post-22017","1":"product","2":"type-product","3":"status-publish","4":"has-post-thumbnail","6":"product_cat-oil-painting-and-art-print","8":"first","9":"instock","10":"shipping-taxable","11":"purchasable","12":"product-type-variable"},"_links":{"self":[{"href":"https:\/\/artworkvietnam.com\/it\/wp-json\/wp\/v2\/product\/22017","targetHints":{"allow":["GET"]}}],"collection":[{"href":"https:\/\/artworkvietnam.com\/it\/wp-json\/wp\/v2\/product"}],"about":[{"href":"https:\/\/artworkvietnam.com\/it\/wp-json\/wp\/v2\/types\/product"}],"wp:featuredmedia":[{"embeddable":true,"href":"https:\/\/artworkvietnam.com\/it\/wp-json\/wp\/v2\/media\/7959"}],"wp:attachment":[{"href":"https:\/\/artworkvietnam.com\/it\/wp-json\/wp\/v2\/media?parent=22017"}],"wp:term":[{"taxonomy":"product_brand","embeddable":true,"href":"https:\/\/artworkvietnam.com\/it\/wp-json\/wp\/v2\/product_brand?post=22017"},{"taxonomy":"product_cat","embeddable":true,"href":"https:\/\/artworkvietnam.com\/it\/wp-json\/wp\/v2\/product_cat?post=22017"},{"taxonomy":"product_tag","embeddable":true,"href":"https:\/\/artworkvietnam.com\/it\/wp-json\/wp\/v2\/product_tag?post=22017"}],"curies":[{"name":"wp","href":"https:\/\/api.w.org\/{rel}","templated":true}]}}