{"id":22187,"date":"2026-04-04T10:37:25","date_gmt":"2026-04-04T10:37:25","guid":{"rendered":"https:\/\/artworkvietnam.com\/product\/autentica-opera-darte-su-train-street-di-hanoi\/"},"modified":"2026-04-04T10:37:25","modified_gmt":"2026-04-04T10:37:25","slug":"autentica-opera-darte-su-train-street-di-hanoi","status":"publish","type":"product","link":"https:\/\/artworkvietnam.com\/it\/product\/autentica-opera-darte-su-train-street-di-hanoi\/","title":{"rendered":"Autentica Opera d&#8217;Arte su Train Street di Hanoi"},"content":{"rendered":"<p data-path-to-node=\"12\">Porta nel tuo spazio l&#8217;energia esaltante e vibrante della capitale vietnamita. Questo coinvolgente <b data-path-to-node=\"12\" data-index-in-node=\"114\">Dipinto di Train Street di Hanoi<\/b> offre una prospettiva mozzafiato e inondata di sole su una delle destinazioni pi\u00f9 uniche e famose al mondo. \u00c8 un elemento visivo di grande impatto che arricchir\u00e0 immediatamente gli interni di movimento, colori brillanti e una texture straordinaria.<\/p>\n<p data-path-to-node=\"13\">Il dipinto cattura perfettamente il momento iconico e adrenalinico del treno che percorre ogni giorno il suo tragitto attraverso il stretto corridoio residenziale. La locomotiva colorata in blu, bianco e viola avanza lungo i binari leggermente curvi, perfettamente incorniciata dall&#8217;architettura rustica e imponente ai lati. La luce calda del sole proietta ombre dinamiche sui traversine in legno e sulle pietre irregolari del selciato, trascinando l&#8217;osservatore direttamente nel cuore dell&#8217;azione.<\/p>\n<p data-path-to-node=\"14\">A sinistra dei binari, il fascino genuino e spontaneo del commercio locale prende vita. Caff\u00e8 e negozietti stretti l&#8217;uno all&#8217;altro si aprono direttamente sulla ferrovia, adornati da lanterne appese, insegne dipinte a mano e vivaci bandiere nazionali vietnamite rosse che sventolano con orgoglio dai balconi. Un uomo del posto \u00e8 fermo con nonchalance davanti alla sua bottega, del tutto indifferente alla mole del convoglio che passa a pochi centimetri da lui. A destra, lussureggianti alberi tropicali offrono un verde baldacchino naturale, riparando qualche classico sgabello di plastica rossa che attende pazientemente il ritorno degli avventori del pomeriggio, una volta che il treno \u00e8 passato.<\/p>\n<p data-path-to-node=\"15\">Una tecnica impasto magistrale e fortemente espressiva d\u00e0 vita a questo dinamico paesaggio urbano. Spessi strati di olio di prima qualit\u00e0 vengono applicati con sicurezza mediante spatola, in pennellate decise e consapevoli. Questo specifico metodo artistico crea una superficie tattile e tridimensionale sorprendente sull&#8217;intera tela. Si vede e si sente distintamente la ricchezza della texture nei binari di legno grezzo, nel fitto baldacchino di foglie verdi e nel tessuto rosso ondeggiante delle bandiere.<\/p>\n<p data-path-to-node=\"16\">Questa opera dall&#8217;energia travolgente \u00e8 un&#8217;aggiunta straordinariamente coinvolgente a qualsiasi progetto di arredamento d&#8217;interni. Le tonalit\u00e0 vivaci e brillanti e il soggetto emozionante la rendono il punto focale ideale per un salotto contemporaneo, un ufficio professionale dinamico o una sala da pranzo dall&#8217;identit\u00e0 culturale forte. Offre ogni giorno un bel promemoria del ritmo unico e inarrestabile della citt\u00e0 e rappresenta uno spunto di conversazione indimenticabile.<\/p>\n<p data-path-to-node=\"17\">At <strong>Artwork Vietnam<\/strong>, ci dedichiamo con passione a condividere l&#8217;autentica bellezza del nostro ricco patrimonio culturale. Il nostro studio crea con orgoglio opere su commissione realizzate interamente a mano da artisti vietnamiti di grande talento. Ogni opera viene prodotta con cura su ordinazione. Lascia perdere i souvenirs turistici prodotti in serie e scegli invece di investire in un&#8217;artigianalit\u00e0 davvero autentica. Aggiungi oggi stesso questo pezzo eccezionale alla tua collezione personale e celebra il fascino vibrante di Hanoi direttamente sulle tue pareti.<\/p>\n","protected":false},"excerpt":{"rendered":"<p>\u2022 Dipinto a olio su tela, realizzato a mano da artisti vietnamiti<br \/>\n\u2022 Prodotto su ordinazione \u2014 tempi di produzione: 2-4 settimane<br \/>\n\u2022 Disponibile in pi\u00f9 formati: da 30\u00d730 cm a 100\u00d7100 cm<br \/>\n\u2022 Spedizione gratuita in tutto il mondo (5-7 giorni tramite DHL\/FedEx)<br \/>\n\u2022 Garanzia di soddisfazione 100% \u2014 anteprima prima della spedizione<\/p>\n<p data-path-to-node=\"10\">Cattura l&#8217;energia esaltante del Vietnam con questo vivace dipinto di Train Street di Hanoi. Con il treno in arrivo, i caff\u00e8 rustici a bordo binario e le festose bandiere rosse, questo dipinto a olio dalla texture ricchissima incarna perfettamente il cuore pulsante ed entusiasmante della capitale.<\/p>\n<p data-path-to-node=\"11\">\n","protected":false},"featured_media":8133,"template":"","meta":[],"product_brand":[],"product_cat":[47],"product_tag":[],"class_list":{"0":"post-22187","1":"product","2":"type-product","3":"status-publish","4":"has-post-thumbnail","6":"product_cat-oil-painting-and-art-print","8":"first","9":"instock","10":"shipping-taxable","11":"purchasable","12":"product-type-variable"},"_links":{"self":[{"href":"https:\/\/artworkvietnam.com\/it\/wp-json\/wp\/v2\/product\/22187","targetHints":{"allow":["GET"]}}],"collection":[{"href":"https:\/\/artworkvietnam.com\/it\/wp-json\/wp\/v2\/product"}],"about":[{"href":"https:\/\/artworkvietnam.com\/it\/wp-json\/wp\/v2\/types\/product"}],"wp:featuredmedia":[{"embeddable":true,"href":"https:\/\/artworkvietnam.com\/it\/wp-json\/wp\/v2\/media\/8133"}],"wp:attachment":[{"href":"https:\/\/artworkvietnam.com\/it\/wp-json\/wp\/v2\/media?parent=22187"}],"wp:term":[{"taxonomy":"product_brand","embeddable":true,"href":"https:\/\/artworkvietnam.com\/it\/wp-json\/wp\/v2\/product_brand?post=22187"},{"taxonomy":"product_cat","embeddable":true,"href":"https:\/\/artworkvietnam.com\/it\/wp-json\/wp\/v2\/product_cat?post=22187"},{"taxonomy":"product_tag","embeddable":true,"href":"https:\/\/artworkvietnam.com\/it\/wp-json\/wp\/v2\/product_tag?post=22187"}],"curies":[{"name":"wp","href":"https:\/\/api.w.org\/{rel}","templated":true}]}}